{"id":3,"date":"2023-08-24T06:54:57","date_gmt":"2023-08-24T06:54:57","guid":{"rendered":"https:\/\/elister.ee\/?page_id=3"},"modified":"2023-09-19T17:23:38","modified_gmt":"2023-09-19T14:23:38","slug":"privaatsuspoliitika","status":"publish","type":"page","link":"https:\/\/elister.ee\/de\/privaatsuspoliitika\/","title":{"rendered":"Datenschutzbestimmungen"},"content":{"rendered":"<p>Elister O\u00dc ist um Ihre Privatsph\u00e4re besorgt und h\u00e4lt sich an alle anwendbaren Gesetze und Vorschriften in Bezug auf alle pers\u00f6nlichen Daten, die wir \u00fcber Sie sammeln, wenn Sie unsere Website besuchen. <a href=\"https:\/\/elister.ee\/de\/\">elister.ee<\/a>. Durch die Nutzung unserer Website erkl\u00e4ren Sie sich damit einverstanden, dass wir Ihre Daten in \u00dcbereinstimmung mit dieser Datenschutzrichtlinie erfassen und verwenden.<\/p>\n\n\n\n<p>Mit dieser Datenschutzerkl\u00e4rung m\u00f6chten wir Ihnen erkl\u00e4ren, welche Daten wir sammeln, wie wir sie verwenden und welche Rechte Sie zum Schutz Ihrer Daten haben. Die Richtlinie gilt nur f\u00fcr unsere Website und ihre Besucher und gilt nicht f\u00fcr Daten, die \u00fcber andere Kan\u00e4le gesammelt werden.<\/p>\n\n\n\n<p>Elister O\u00dc ist der f\u00fcr die Verarbeitung Ihrer Daten Verantwortliche<\/p>\n\n\n\n<p>Firmenregisternummer: 12426649<\/p>\n\n\n\n<p>E-Mail: info@elister.ee<\/p>\n\n\n\n<p>Telefonnummer: +372 51 66 948<\/p>\n\n\n\n<p>Wir sammeln und verarbeiten Informationen in \u00dcbereinstimmung mit der EU-Datenschutzgrundverordnung (GDPR), die am 25.05.2018 in Kraft getreten ist.<\/p>\n\n\n\n<h2 class=\"wp-block-heading\">Erhebung und Verwendung von Daten<\/h2>\n\n\n\n<h3 class=\"wp-block-heading\">Welche Daten wir sammeln<\/h3>\n\n\n\n<p>Zu den von uns erfassten Daten geh\u00f6ren Informationen, die Sie uns wissentlich und aktiv zur Verf\u00fcgung stellen, wenn Sie unsere Dienste oder Werbeaktionen nutzen oder daran teilnehmen, sowie alle Informationen, die Ihre Ger\u00e4te beim Zugriff auf unsere Produkte und Dienste an uns senden.<\/p>\n\n\n\n<p>Zu den von uns erfassten Daten geh\u00f6ren Informationen, die Sie uns bei der Nutzung unserer Dienste oder bei Werbeaktionen wissentlich mitgeteilt haben, sowie Informationen, die Ihre Ger\u00e4te automatisch an uns \u00fcbermitteln.<\/p>\n\n\n\n<p>Ihre pers\u00f6nlichen Daten k\u00f6nnen uns auf folgende Weise erreichen:<\/p>\n\n\n\n<ul class=\"wp-block-list\">\n<li>Wenn Sie uns per Telefon, E-Mail oder Online-Chat kontaktieren.<\/li>\n\n\n\n<li>Wenn Sie auf einer Website surfen <a href=\"https:\/\/elister.ee\/de\/\">elister.ee<\/a><\/li>\n\n\n\n<li>Wenn Sie einen unserer Beitr\u00e4ge auf unserem Social-Media-Konto kommentieren, m\u00f6gen oder teilen.<\/li>\n\n\n\n<li>Wenn Sie unseren Newsletter abonnieren<\/li>\n\n\n\n<li>Wenn Sie Beitr\u00e4ge auf unserer Website kommentieren.<\/li>\n<\/ul>\n\n\n\n<h3 class=\"wp-block-heading\">Arten der zu erfassenden Daten<\/h3>\n\n\n\n<h4 class=\"wp-block-heading\">Pers\u00f6nliche Daten<\/h4>\n\n\n\n<p>Wir fragen Sie nur dann nach pers\u00f6nlichen Informationen, wenn diese notwendig sind, um Ihnen die Dienstleistung zu erbringen. Wenn Sie mit uns Kontakt aufnehmen oder unsere Website besuchen, k\u00f6nnen Sie die folgenden Informationen mit uns teilen:<\/p>\n\n\n\n<ul class=\"wp-block-list\">\n<li>Vorname und Nachname<\/li>\n\n\n\n<li>E-Mail Adresse<\/li>\n\n\n\n<li>Rufnummer<\/li>\n\n\n\n<li>Gespr\u00e4chsverlauf zwischen Ihnen und uns<\/li>\n\n\n\n<li>Informationen \u00fcber Ihren Webbrowser und Ihre IP-Adresse<\/li>\n<\/ul>\n\n\n\n<h4 class=\"wp-block-heading\">Log-Dateien<\/h4>\n\n\n\n<p>Unsere Website <a href=\"https:\/\/elister.ee\/de\/\">elister.ee<\/a> speichert Protokolldateien \u00fcber Ihre Besucher. Die gesammelten Informationen k\u00f6nnen umfassen:<\/p>\n\n\n\n<ul class=\"wp-block-list\">\n<li>Art des verwendeten Ger\u00e4ts<\/li>\n\n\n\n<li>Internet-Protokoll-Adresse (IP)<\/li>\n\n\n\n<li>Browser-Typ<\/li>\n\n\n\n<li>Internetdienstanbieter (ISP)<\/li>\n\n\n\n<li>Datum und Uhrzeit Ihres Besuchs auf der Website<\/li>\n\n\n\n<li>Anzahl der Klicks auf der Eingangs- und Ausgangsseite der Website<\/li>\n<\/ul>\n\n\n\n<p>Die in den Protokolldateien enthaltenen Informationen werden verwendet, um Trends zu analysieren, die Website zu verwalten, die Aktivit\u00e4ten der Besucher auf der Website zu \u00fcberwachen und demografische Informationen zu sammeln. Die erhaltenen Informationen sind nicht dazu bestimmt, eine Person zu identifizieren, und tun dies auch nicht.<\/p>\n\n\n\n<h4 class=\"wp-block-heading\">Cookies<\/h4>\n\n\n\n<p>Wie die meisten Websites verwendet sie <a href=\"https:\/\/elister.ee\/de\/\">elister.ee<\/a> &#8220;k\u00fcpsiseid&#8221;. K\u00fcpsis on sisuliselt tekstifail, mis salvestatakse veebisaidi k\u00fclastamisel kasutaja seadmesse. K\u00fcpsiste abil m\u00e4\u00e4ratakse ja salvestatakse eelistused, regionaalsed s\u00e4tted, teenuste kasutamise valikud jpm.<\/p>\n\n\n\n<p>Wenn Sie m\u00f6chten, k\u00f6nnen Sie die Verwendung von Cookies in den Einstellungen Ihres Browsers deaktivieren; in diesem Fall kann es jedoch zu Beeintr\u00e4chtigungen des Dienstes kommen.<\/p>\n\n\n\n<p>Cookies werden in permanente und Sitzungscookies unterteilt. Dauerhafte Cookies verbleiben auf Ihrem PC oder Mobilger\u00e4t, auch wenn Sie Ihren Browser oder Computer schlie\u00dfen. Sitzungscookies hingegen werden gel\u00f6scht, sobald Sie Ihren Browser schlie\u00dfen.<\/p>\n\n\n\n<p>Cookies werden nach ihrem Zweck unterschieden:<\/p>\n\n\n\n<p><strong>Die notwendigen Cookies.<\/strong> Sitzungscookies, deren Zweck es ist, Ihnen die Nutzung der auf unserer Website angebotenen Dienste zu erm\u00f6glichen. Diese Cookies helfen bei der Authentifizierung der Benutzer und verhindern die b\u00f6swillige Nutzung von Benutzerkonten. Ohne diese Cookies sind wir nicht in der Lage, Ihnen die von Ihnen gew\u00fcnschten Dienste zur Verf\u00fcgung zu stellen.<\/p>\n\n\n\n<p><strong>Benachrichtigungs-Cookies.<\/strong> Diese Cookies zeigen an, ob die Nutzer die Verwendung von Cookies auf der Website akzeptiert haben.<\/p>\n\n\n\n<p><strong>Funktionale Cookies.<\/strong> Diese Cookies erm\u00f6glichen es Ihrem Browser, sich an Ihre Entscheidungen zu erinnern, die Sie bei der Nutzung der Website getroffen haben, z. B. die Speicherung Ihrer Anmeldedaten oder Spracheinstellungen. Der Zweck dieser Cookies ist es, Ihnen eine pers\u00f6nlichere Erfahrung zu bieten und zu verhindern, dass Sie Ihre Einstellungen erneut eingeben m\u00fcssen.<\/p>\n\n\n\n<h3 class=\"wp-block-heading\">Wie wir Daten verwenden<\/h3>\n\n\n\n<p>Wir k\u00f6nnen die gesammelten Informationen f\u00fcr eine Vielzahl von Zwecken verwenden, darunter:<\/p>\n\n\n\n<ul class=\"wp-block-list\">\n<li>Zur Pflege, Verwaltung, Entwicklung, Personalisierung und Erweiterung unserer Website.<\/li>\n\n\n\n<li>Um Statistiken zu sammeln, damit wir bessere Dienstleistungen und\/oder Angebote bereitstellen k\u00f6nnen, und um das Verhalten der Besucher unserer Website zu verstehen und zu analysieren.<\/li>\n\n\n\n<li>Sie per Telefon, Nachricht oder E-Mail zu identifizieren<\/li>\n\n\n\n<li>Ihnen Informationen zukommen zu lassen und Sie um Feedback zu unseren Dienstleistungen zu bitten.<\/li>\n\n\n\n<li>Um Betrug zu verhindern und unsere Website zu sch\u00fctzen<\/li>\n\n\n\n<li>Damit wir \u00fcber Ihr Konto bei den sozialen Medien mit Ihnen in Kontakt bleiben k\u00f6nnen.<\/li>\n\n\n\n<li>Erm\u00f6glicht das Auslesen des Chatverlaufs, um die Erteilung von Ratschl\u00e4gen zu beschleunigen.<\/li>\n\n\n\n<li>Mit dem Ziel, die Qualit\u00e4t unserer Dienstleistungen zu verbessern und effizientere Browsing-L\u00f6sungen anzubieten.<\/li>\n\n\n\n<li>Um neue Produkte und Dienstleistungen zu entwickeln oder ihre Funktionalit\u00e4t zu verbessern.<\/li>\n\n\n\n<li>Um die Interaktion zwischen uns zu vereinfachen und zu beschleunigen, wenn Sie mit uns Kontakt aufnehmen.<\/li>\n\n\n\n<li>F\u00fcr andere Zwecke. Zum Beispiel, um Daten zu analysieren, um Trends zu untersuchen, um die Wirksamkeit unserer Werbekampagnen zu bewerten.<\/li>\n<\/ul>\n\n\n\n<h3 class=\"wp-block-heading\">In welchen F\u00e4llen k\u00f6nnen wir Ihre Daten weitergeben.<\/h3>\n\n\n\n<ul class=\"wp-block-list\">\n<li>Wir k\u00f6nnen Ihre personenbezogenen Daten im Zusammenhang mit einem Eigent\u00fcmerwechsel, einer Fusion, einem Verkauf von Verm\u00f6genswerten, einer Finanzierung oder einer \u00dcbernahme unseres Unternehmens weitergeben oder \u00fcbertragen. Wir werden Sie benachrichtigen, wenn wir Ihre personenbezogenen Daten \u00fcbertragen und wenn sie den Bestimmungen einer anderen Datenschutzrichtlinie unterliegen.<\/li>\n\n\n\n<li>Wir k\u00f6nnen Ihre Daten an unsere Partnerunternehmen weitergeben, indem wir sie zur Einhaltung dieser Datenschutzrichtlinie verpflichten. Zu den Partnerunternehmen geh\u00f6ren unsere Muttergesellschaften, Tochtergesellschaften, Joint-Venture-Partner oder Unternehmen, die uns geh\u00f6ren.<\/li>\n\n\n\n<li>Wir k\u00f6nnen Ihre Daten an unsere Gesch\u00e4ftspartner weitergeben, um Ihnen bestimmte Produkte, Dienstleistungen oder Werbeaktionen anzubieten.<\/li>\n\n\n\n<li>Mit Ihrem Einverst\u00e4ndnis k\u00f6nnen wir Ihre personenbezogenen Daten auch f\u00fcr andere Zwecke weitergeben.<\/li>\n\n\n\n<li>Wir sind verpflichtet, Ihre personenbezogenen Daten offenzulegen, wenn dies gesetzlich vorgeschrieben ist. Wir k\u00f6nnen Ihre Daten auch nach Treu und Glauben offenlegen, um einer gesetzlichen Verpflichtung nachzukommen, unsere Rechte oder unser Eigentum zu sch\u00fctzen, m\u00f6gliche Gesetzesverst\u00f6\u00dfe im Zusammenhang mit Ihrer Nutzung unseres Dienstes zu verhindern oder aufzudecken und die Sicherheit unserer Dienstnutzer zu gew\u00e4hrleisten.<\/li>\n<\/ul>\n\n\n\n<h3 class=\"wp-block-heading\">Speicherung Ihrer pers\u00f6nlichen Daten<\/h3>\n\n\n\n<p>Das Unternehmen wird Ihre personenbezogenen Daten nur so lange aufbewahren, wie es f\u00fcr die in dieser Datenschutzrichtlinie genannten Zwecke erforderlich ist. Wir werden Ihre personenbezogenen Daten in dem Umfang aufbewahren und verwenden, der erforderlich ist, um unseren rechtlichen Verpflichtungen nachzukommen (z. B. wenn wir Ihre Daten aufbewahren m\u00fcssen, um geltende Gesetze einzuhalten), um Streitigkeiten beizulegen und um unsere rechtlichen Vereinbarungen und Richtlinien durchzusetzen.<\/p>\n\n\n\n<p>Das Unternehmen speichert auch Protokolldateien f\u00fcr interne Analysen. Protokolldateien werden in der Regel f\u00fcr einen k\u00fcrzeren Zeitraum aufbewahrt, es sei denn, die Daten werden zur Erh\u00f6hung der Sicherheit oder zur Verbesserung der Funktionalit\u00e4t unseres Dienstes verwendet, oder wir sind gesetzlich verpflichtet, die Daten f\u00fcr einen l\u00e4ngeren Zeitraum aufzubewahren.<\/p>\n\n\n\n<h3 class=\"wp-block-heading\">Verarbeitung der Daten von Kindern<\/h3>\n\n\n\n<p>Keines unserer Produkte oder Dienstleistungen richtet sich an Kinder unter 13 Jahren, und wir sammeln nicht wissentlich Daten von Kindern unter 13 Jahren. Sollten wir den Verdacht haben, dass wir Informationen \u00fcber eine Person unter 13 Jahren verarbeiten, werden wir diese Person aus allen unseren Datenbanken entfernen.<\/p>\n\n\n\n<h2 class=\"wp-block-heading\">Ihre Rechte zum Schutz Ihrer Daten<\/h2>\n\n\n\n<p>Sie haben jederzeit das Recht, uns Ihre Daten nicht mitzuteilen, da Sie wissen, dass dies Ihre Erfahrungen auf unserer Website beeintr\u00e4chtigen kann. Wenn Sie sich daf\u00fcr entscheiden, uns Ihre Daten nicht mitzuteilen, werden wir Sie infolgedessen nicht weniger g\u00fcnstig behandeln. Wenn Sie uns personenbezogene Daten zur Verf\u00fcgung stellen, erkl\u00e4ren Sie sich damit einverstanden, dass wir diese in \u00dcbereinstimmung mit dieser Datenschutzrichtlinie erfassen, speichern, verwenden und weitergeben. Sie haben das Recht, Einzelheiten \u00fcber die von uns \u00fcber Sie gesammelten Informationen anzufordern.<\/p>\n\n\n\n<p>Wenn wir personenbezogene Daten \u00fcber Sie von Dritten erhalten, werden wir diese gem\u00e4\u00df dieser Datenschutzrichtlinie und dem Recht der Republik Estland sch\u00fctzen. Wenn Sie selbst Informationen von Dritten weitergeben, best\u00e4tigen Sie, dass Sie das Recht und die Erlaubnis haben, dies zu tun.<\/p>\n\n\n\n<p>Auch wenn Sie bereits zugestimmt haben, dass wir Ihre personenbezogenen Daten zu Marketingzwecken weitergeben, haben Sie das Recht, Ihre Meinung jederzeit zu \u00e4ndern. Sie haben immer das Recht, die Kommunikation mit uns abzubrechen und zu verlangen, dass wir Ihre Daten aus unseren Datenbanken entfernen. Von Zeit zu Zeit k\u00f6nnen wir auch Informationen \u00fcber Sie anfordern, um Ihre Identit\u00e4t zu \u00fcberpr\u00fcfen. Wenn Sie der Meinung sind, dass die von uns \u00fcber Sie gesammelten Informationen ungenau, veraltet, unvollst\u00e4ndig, irrelevant oder irref\u00fchrend sind, kontaktieren Sie uns bitte per E-Mail: info@elister.ee oder telefonisch: +372 51 66 948. Wir werden unser M\u00f6glichstes tun, um alle ungenauen, unvollst\u00e4ndigen, irref\u00fchrenden oder veralteten Informationen zu korrigieren.<\/p>\n\n\n\n<p>Wenn Sie der Meinung sind, dass wir gegen das einschl\u00e4gige Datenschutzgesetz versto\u00dfen haben und Sie eine Beschwerde einreichen m\u00f6chten, wenden Sie sich bitte \u00fcber die in diesem Dokument angegebenen Kontaktdaten an uns und teilen Sie uns alle Einzelheiten zu dem Versto\u00df mit. Wir werden Ihre Beschwerde umgehend untersuchen und Ihnen schriftlich antworten, die Ergebnisse unserer Untersuchung darlegen und die Schritte erl\u00e4utern, die wir zur Behebung Ihrer Beschwerde unternehmen. Sie haben auch das Recht, die Angelegenheit an eine Aufsichts- oder Datenschutzbeh\u00f6rde weiterzuleiten.<\/p>\n\n\n\n<h2 class=\"wp-block-heading\">GDPR-Datenschutzrechte<\/h2>\n\n\n\n<p>Wir m\u00f6chten sicherstellen, dass Sie \u00fcber alle Ihre Datenschutzrechte informiert sind. Jeder Nutzer dieser Website hat Anspruch auf die folgenden Bestimmungen und Bedingungen:<\/p>\n\n\n\n<ul class=\"wp-block-list\">\n<li>Juurdep\u00e4\u00e4su\u00f5igus &#8211; teil on \u00f5igus n\u00f5uda oma isikuandmete koopiaid.<\/li>\n\n\n\n<li>\u00d5igus andmete parandustele &#8211; teil on \u00f5igus n\u00f5uda, et parandaksime Teie arvates ebat\u00e4psed andmed. Samuti on teil \u00f5igus n\u00f5uda, et t\u00e4iendaksime andmeid, mis on Teie arvates puudulikud.<\/li>\n\n\n\n<li>Kustutamis\u00f5igus &#8211; teatud tingimustel on teil \u00f5igus n\u00f5uda Teie isikuandmete kustutamist.<\/li>\n\n\n\n<li>Andmete t\u00f6\u00f6tlemise piiramise \u00f5igus &#8211; teatud tingimustel on teil \u00f5igus n\u00f5uda Teie isikuandmete kasutamise piiramist.<\/li>\n\n\n\n<li>\u00d5igus vaidlustada isikuandmete kasutamine &#8211; teatud tingimustel on teil \u00f5igus vaidlustada Teie isikuandmete kasutamine.<\/li>\n\n\n\n<li>\u00d5igus andmete teisaldatavusele &#8211; teatud tingimustel on teil \u00f5igus n\u00f5uda, et me edastaksime kogutud andmed kolmandale osapoolele v\u00f5i otse teile.<\/li>\n<\/ul>\n\n\n\n<h2 class=\"wp-block-heading\">Sicherheit Ihrer Daten<\/h2>\n\n\n\n<p>Die Sicherheit Ihrer pers\u00f6nlichen Daten ist uns wichtig, aber bitte denken Sie daran, dass keine Methode des Informationsaustauschs \u00fcber das Internet oder der elektronischen Speicherung 100% sicher ist. Wir bem\u00fchen uns zwar nach Kr\u00e4ften, Ihre Daten zu sch\u00fctzen, k\u00f6nnen aber keine vollst\u00e4ndige Sicherheit garantieren.<\/p>\n\n\n\n<p>Elister O\u00dc wird alle angemessenen Ma\u00dfnahmen ergreifen, um sicherzustellen, dass Ihre Daten sicher und in \u00dcbereinstimmung mit dieser Datenschutzerkl\u00e4rung und dem Recht der Republik Estland verarbeitet werden. Ihre Daten werden nicht an andere Organisationen oder L\u00e4nder weitergegeben, es sei denn, es gibt einen guten Grund und die Sicherheit Ihrer Daten ist gew\u00e4hrleistet.<\/p>\n\n\n\n<h2 class=\"wp-block-heading\">Links zu anderen Websites<\/h2>\n\n\n\n<p>Auf unserer Website finden Sie m\u00f6glicherweise Links zu anderen Websites, die nicht zu uns geh\u00f6ren. Wenn Sie auf einen Link zu einer fremden Website klicken, werden Sie zu dieser fremden Website weitergeleitet. Wir empfehlen Ihnen dringend, die Datenschutzrichtlinien jeder Website, die Sie besuchen, zu lesen.<\/p>\n\n\n\n<p>Wir haben keine Kontrolle \u00fcber die Websites Dritter und \u00fcbernehmen keine Verantwortung f\u00fcr deren Inhalte, Datenschutzrichtlinien, die von ihnen angebotenen Dienstleistungen oder andere Aspekte.<\/p>\n\n\n\n<h2 class=\"wp-block-heading\">Aktualisierungen der Datenschutzrichtlinie<\/h2>\n\n\n\n<p>Wir behalten uns das Recht vor, diese Datenschutzrichtlinie bei Bedarf zu \u00e4ndern. Wenn wir die Datenschutzrichtlinie aktualisieren, werden wir das Datum der Aktualisierung am unteren Rand der Datenschutzrichtlinie angeben. Wenn Sie unsere Website nach der Aktualisierung der Datenschutzrichtlinie weiterhin besuchen und nutzen, betrachten wir dies als Ihre stillschweigende Zustimmung zu den \u00c4nderungen.<\/p>\n\n\n\n<p>Zuletzt ge\u00e4ndert am 01\/09\/2023<\/p>","protected":false},"excerpt":{"rendered":"<p>Elister O\u00dc jaoks on oluline Teie privaatsus ja j\u00e4rgida k\u00f5iki kehtivaid seadusi ja m\u00e4\u00e4rusi mis tahes isikuandmete kohta, mida v\u00f5ime Teie kohta koguda, kui k\u00fclastate meie veebilehte elister.ee. Meie veebisaiti kasutades n\u00f5ustute, et kogume ja kasutame Teie andmeid vastavalt k\u00e4esolevale privaatsuspoliitikale. K\u00e4esoleva privaatsuspoliitikaga soovime Teile selgitada, milliseid andmeid me kogume, kuidas neid kasutame ja millised [&hellip;]<\/p>\n","protected":false},"author":1,"featured_media":53,"parent":0,"menu_order":0,"comment_status":"closed","ping_status":"closed","template":"templates\/single.php","meta":{"footnotes":""},"class_list":["post-3","page","type-page","status-publish","has-post-thumbnail","hentry"],"acf":[],"yoast_head":"<!-- This site is optimized with the Yoast SEO Premium plugin v27.4 (Yoast SEO v27.4) - https:\/\/yoast.com\/product\/yoast-seo-premium-wordpress\/ -->\n<title>Privaatsuspoliitika - Elister<\/title>\n<meta name=\"robots\" content=\"index, follow, max-snippet:-1, max-image-preview:large, max-video-preview:-1\" \/>\n<link rel=\"canonical\" href=\"https:\/\/elister.ee\/de\/privaatsuspoliitika\/\" \/>\n<meta property=\"og:locale\" content=\"de_DE\" \/>\n<meta property=\"og:type\" content=\"article\" \/>\n<meta property=\"og:title\" content=\"Privaatsuspoliitika\" \/>\n<meta property=\"og:description\" content=\"Elister O\u00dc jaoks on oluline Teie privaatsus ja j\u00e4rgida k\u00f5iki kehtivaid seadusi ja m\u00e4\u00e4rusi mis tahes isikuandmete kohta, mida v\u00f5ime Teie kohta koguda, kui k\u00fclastate meie veebilehte elister.ee. Meie veebisaiti kasutades n\u00f5ustute, et kogume ja kasutame Teie andmeid vastavalt k\u00e4esolevale privaatsuspoliitikale. K\u00e4esoleva privaatsuspoliitikaga soovime Teile selgitada, milliseid andmeid me kogume, kuidas neid kasutame ja millised [&hellip;]\" \/>\n<meta property=\"og:url\" content=\"https:\/\/elister.ee\/de\/privaatsuspoliitika\/\" \/>\n<meta property=\"og:site_name\" content=\"Elister\" \/>\n<meta property=\"article:publisher\" content=\"https:\/\/www.facebook.com\/ElisterLTD\/\" \/>\n<meta property=\"article:modified_time\" content=\"2023-09-19T14:23:38+00:00\" \/>\n<script type=\"application\/ld+json\" class=\"yoast-schema-graph\">{\"@context\":\"https:\\\/\\\/schema.org\",\"@graph\":[{\"@type\":\"WebPage\",\"@id\":\"https:\\\/\\\/elister.ee\\\/privaatsuspoliitika\\\/\",\"url\":\"https:\\\/\\\/elister.ee\\\/privaatsuspoliitika\\\/\",\"name\":\"Privaatsuspoliitika - Elister\",\"isPartOf\":{\"@id\":\"https:\\\/\\\/elister.ee\\\/#website\"},\"primaryImageOfPage\":{\"@id\":\"https:\\\/\\\/elister.ee\\\/privaatsuspoliitika\\\/#primaryimage\"},\"image\":{\"@id\":\"https:\\\/\\\/elister.ee\\\/privaatsuspoliitika\\\/#primaryimage\"},\"thumbnailUrl\":\"https:\\\/\\\/elister.ee\\\/wp-content\\\/uploads\\\/2023\\\/08\\\/elister_logo.svg\",\"datePublished\":\"2023-08-24T06:54:57+00:00\",\"dateModified\":\"2023-09-19T14:23:38+00:00\",\"breadcrumb\":{\"@id\":\"https:\\\/\\\/elister.ee\\\/privaatsuspoliitika\\\/#breadcrumb\"},\"inLanguage\":\"de\",\"potentialAction\":[{\"@type\":\"ReadAction\",\"target\":[\"https:\\\/\\\/elister.ee\\\/privaatsuspoliitika\\\/\"]}]},{\"@type\":\"ImageObject\",\"inLanguage\":\"de\",\"@id\":\"https:\\\/\\\/elister.ee\\\/privaatsuspoliitika\\\/#primaryimage\",\"url\":\"https:\\\/\\\/elister.ee\\\/wp-content\\\/uploads\\\/2023\\\/08\\\/elister_logo.svg\",\"contentUrl\":\"https:\\\/\\\/elister.ee\\\/wp-content\\\/uploads\\\/2023\\\/08\\\/elister_logo.svg\",\"width\":260,\"height\":258},{\"@type\":\"BreadcrumbList\",\"@id\":\"https:\\\/\\\/elister.ee\\\/privaatsuspoliitika\\\/#breadcrumb\",\"itemListElement\":[{\"@type\":\"ListItem\",\"position\":1,\"name\":\"Home\",\"item\":\"https:\\\/\\\/elister.ee\\\/\"},{\"@type\":\"ListItem\",\"position\":2,\"name\":\"Privaatsuspoliitika\"}]},{\"@type\":\"WebSite\",\"@id\":\"https:\\\/\\\/elister.ee\\\/#website\",\"url\":\"https:\\\/\\\/elister.ee\\\/\",\"name\":\"Elister\",\"description\":\"T\u00f6\u00f6stuslikud viimistluslahendused\",\"publisher\":{\"@id\":\"https:\\\/\\\/elister.ee\\\/#organization\"},\"alternateName\":\"Industrial solutions\",\"potentialAction\":[{\"@type\":\"SearchAction\",\"target\":{\"@type\":\"EntryPoint\",\"urlTemplate\":\"https:\\\/\\\/elister.ee\\\/?s={search_term_string}\"},\"query-input\":{\"@type\":\"PropertyValueSpecification\",\"valueRequired\":true,\"valueName\":\"search_term_string\"}}],\"inLanguage\":\"de\"},{\"@type\":\"Organization\",\"@id\":\"https:\\\/\\\/elister.ee\\\/#organization\",\"name\":\"Elister\",\"url\":\"https:\\\/\\\/elister.ee\\\/\",\"logo\":{\"@type\":\"ImageObject\",\"inLanguage\":\"de\",\"@id\":\"https:\\\/\\\/elister.ee\\\/#\\\/schema\\\/logo\\\/image\\\/\",\"url\":\"https:\\\/\\\/elister.ee\\\/wp-content\\\/uploads\\\/2023\\\/08\\\/elister_logo.svg\",\"contentUrl\":\"https:\\\/\\\/elister.ee\\\/wp-content\\\/uploads\\\/2023\\\/08\\\/elister_logo.svg\",\"width\":260,\"height\":258,\"caption\":\"Elister\"},\"image\":{\"@id\":\"https:\\\/\\\/elister.ee\\\/#\\\/schema\\\/logo\\\/image\\\/\"},\"sameAs\":[\"https:\\\/\\\/www.facebook.com\\\/ElisterLTD\\\/\",\"https:\\\/\\\/www.instagram.com\\\/elisterltd\\\/\",\"https:\\\/\\\/www.youtube.com\\\/@elisterou8943\"],\"description\":\"Elister O\u00dc aitab t\u00f6\u00f6stusettev\u00f5tetel saavutada stabiilset kvaliteeti ja efektiivsust l\u00e4bi ventilatsiooni-, viimistlus- ja automaatikalahenduste. Pakume terviklahendusi alates projekteerimisest kuni paigalduse ja hoolduseni.\",\"email\":\"info@elister.ee\",\"telephone\":\"+372 5166948\",\"legalName\":\"Elister O\u00dc\",\"foundingDate\":\"2013-02-25\",\"numberOfEmployees\":{\"@type\":\"QuantitativeValue\",\"minValue\":\"11\",\"maxValue\":\"50\"}}]}<\/script>\n<!-- \/ Yoast SEO Premium plugin. -->","yoast_head_json":{"title":"Privaatsuspoliitika - Elister","robots":{"index":"index","follow":"follow","max-snippet":"max-snippet:-1","max-image-preview":"max-image-preview:large","max-video-preview":"max-video-preview:-1"},"canonical":"https:\/\/elister.ee\/de\/privaatsuspoliitika\/","og_locale":"de_DE","og_type":"article","og_title":"Privaatsuspoliitika","og_description":"Elister O\u00dc jaoks on oluline Teie privaatsus ja j\u00e4rgida k\u00f5iki kehtivaid seadusi ja m\u00e4\u00e4rusi mis tahes isikuandmete kohta, mida v\u00f5ime Teie kohta koguda, kui k\u00fclastate meie veebilehte elister.ee. Meie veebisaiti kasutades n\u00f5ustute, et kogume ja kasutame Teie andmeid vastavalt k\u00e4esolevale privaatsuspoliitikale. K\u00e4esoleva privaatsuspoliitikaga soovime Teile selgitada, milliseid andmeid me kogume, kuidas neid kasutame ja millised [&hellip;]","og_url":"https:\/\/elister.ee\/de\/privaatsuspoliitika\/","og_site_name":"Elister","article_publisher":"https:\/\/www.facebook.com\/ElisterLTD\/","article_modified_time":"2023-09-19T14:23:38+00:00","schema":{"@context":"https:\/\/schema.org","@graph":[{"@type":"WebPage","@id":"https:\/\/elister.ee\/privaatsuspoliitika\/","url":"https:\/\/elister.ee\/privaatsuspoliitika\/","name":"Privaatsuspoliitika - Elister","isPartOf":{"@id":"https:\/\/elister.ee\/#website"},"primaryImageOfPage":{"@id":"https:\/\/elister.ee\/privaatsuspoliitika\/#primaryimage"},"image":{"@id":"https:\/\/elister.ee\/privaatsuspoliitika\/#primaryimage"},"thumbnailUrl":"https:\/\/elister.ee\/wp-content\/uploads\/2023\/08\/elister_logo.svg","datePublished":"2023-08-24T06:54:57+00:00","dateModified":"2023-09-19T14:23:38+00:00","breadcrumb":{"@id":"https:\/\/elister.ee\/privaatsuspoliitika\/#breadcrumb"},"inLanguage":"de","potentialAction":[{"@type":"ReadAction","target":["https:\/\/elister.ee\/privaatsuspoliitika\/"]}]},{"@type":"ImageObject","inLanguage":"de","@id":"https:\/\/elister.ee\/privaatsuspoliitika\/#primaryimage","url":"https:\/\/elister.ee\/wp-content\/uploads\/2023\/08\/elister_logo.svg","contentUrl":"https:\/\/elister.ee\/wp-content\/uploads\/2023\/08\/elister_logo.svg","width":260,"height":258},{"@type":"BreadcrumbList","@id":"https:\/\/elister.ee\/privaatsuspoliitika\/#breadcrumb","itemListElement":[{"@type":"ListItem","position":1,"name":"Home","item":"https:\/\/elister.ee\/"},{"@type":"ListItem","position":2,"name":"Privaatsuspoliitika"}]},{"@type":"WebSite","@id":"https:\/\/elister.ee\/#website","url":"https:\/\/elister.ee\/","name":"Elister","description":"L\u00f6sungen f\u00fcr die industrielle Endbearbeitung","publisher":{"@id":"https:\/\/elister.ee\/#organization"},"alternateName":"Industrial solutions","potentialAction":[{"@type":"SearchAction","target":{"@type":"EntryPoint","urlTemplate":"https:\/\/elister.ee\/?s={search_term_string}"},"query-input":{"@type":"PropertyValueSpecification","valueRequired":true,"valueName":"search_term_string"}}],"inLanguage":"de"},{"@type":"Organization","@id":"https:\/\/elister.ee\/#organization","name":"Elister","url":"https:\/\/elister.ee\/","logo":{"@type":"ImageObject","inLanguage":"de","@id":"https:\/\/elister.ee\/#\/schema\/logo\/image\/","url":"https:\/\/elister.ee\/wp-content\/uploads\/2023\/08\/elister_logo.svg","contentUrl":"https:\/\/elister.ee\/wp-content\/uploads\/2023\/08\/elister_logo.svg","width":260,"height":258,"caption":"Elister"},"image":{"@id":"https:\/\/elister.ee\/#\/schema\/logo\/image\/"},"sameAs":["https:\/\/www.facebook.com\/ElisterLTD\/","https:\/\/www.instagram.com\/elisterltd\/","https:\/\/www.youtube.com\/@elisterou8943"],"description":"Elister O\u00dc aitab t\u00f6\u00f6stusettev\u00f5tetel saavutada stabiilset kvaliteeti ja efektiivsust l\u00e4bi ventilatsiooni-, viimistlus- ja automaatikalahenduste. Pakume terviklahendusi alates projekteerimisest kuni paigalduse ja hoolduseni.","email":"info@elister.ee","telephone":"+372 5166948","legalName":"Elister O\u00dc","foundingDate":"2013-02-25","numberOfEmployees":{"@type":"QuantitativeValue","minValue":"11","maxValue":"50"}}]}},"_links":{"self":[{"href":"https:\/\/elister.ee\/de\/wp-json\/wp\/v2\/pages\/3","targetHints":{"allow":["GET"]}}],"collection":[{"href":"https:\/\/elister.ee\/de\/wp-json\/wp\/v2\/pages"}],"about":[{"href":"https:\/\/elister.ee\/de\/wp-json\/wp\/v2\/types\/page"}],"author":[{"embeddable":true,"href":"https:\/\/elister.ee\/de\/wp-json\/wp\/v2\/users\/1"}],"replies":[{"embeddable":true,"href":"https:\/\/elister.ee\/de\/wp-json\/wp\/v2\/comments?post=3"}],"version-history":[{"count":3,"href":"https:\/\/elister.ee\/de\/wp-json\/wp\/v2\/pages\/3\/revisions"}],"predecessor-version":[{"id":1075,"href":"https:\/\/elister.ee\/de\/wp-json\/wp\/v2\/pages\/3\/revisions\/1075"}],"wp:featuredmedia":[{"embeddable":true,"href":"https:\/\/elister.ee\/de\/wp-json\/wp\/v2\/media\/53"}],"wp:attachment":[{"href":"https:\/\/elister.ee\/de\/wp-json\/wp\/v2\/media?parent=3"}],"curies":[{"name":"wp","href":"https:\/\/api.w.org\/{rel}","templated":true}]}}