{"id":1342,"date":"2023-09-07T12:44:22","date_gmt":"2023-09-07T09:44:22","guid":{"rendered":"https:\/\/elister.ee\/?page_id=1342"},"modified":"2023-09-19T17:23:26","modified_gmt":"2023-09-19T14:23:26","slug":"seadmed","status":"publish","type":"page","link":"https:\/\/elister.ee\/en\/seadmed\/","title":{"rendered":"Equipment"},"content":{"rendered":"","protected":false},"excerpt":{"rendered":"","protected":false},"author":1,"featured_media":53,"parent":0,"menu_order":0,"comment_status":"closed","ping_status":"closed","template":"templates\/seadmed.php","meta":{"footnotes":""},"class_list":["post-1342","page","type-page","status-publish","has-post-thumbnail","hentry"],"acf":[],"yoast_head":"<!-- This site is optimized with the Yoast SEO Premium plugin v26.8 (Yoast SEO v26.8) - https:\/\/yoast.com\/product\/yoast-seo-premium-wordpress\/ -->\n<title>Seadmed - Elister<\/title>\n<meta name=\"description\" content=\"Oleme oma partneriteks valinud t\u00e4nap\u00e4eva t\u00f6\u00f6stusmaailma tipptootjad ning j\u00e4lgime pidevalt uuendusi, mida t\u00f6\u00f6stusmaailm pakub.T\u00e4nu sellele saame oma klientidele pakkuda turu parimat valikut.\" \/>\n<meta name=\"robots\" content=\"index, follow, max-snippet:-1, max-image-preview:large, max-video-preview:-1\" \/>\n<link rel=\"canonical\" href=\"https:\/\/elister.ee\/en\/seadmed\/\" \/>\n<meta property=\"og:locale\" content=\"en_US\" \/>\n<meta property=\"og:type\" content=\"article\" \/>\n<meta property=\"og:title\" content=\"Seadmed\" \/>\n<meta property=\"og:description\" content=\"Oleme oma partneriteks valinud t\u00e4nap\u00e4eva t\u00f6\u00f6stusmaailma tipptootjad ning j\u00e4lgime pidevalt uuendusi, mida t\u00f6\u00f6stusmaailm pakub.T\u00e4nu sellele saame oma klientidele pakkuda turu parimat valikut.\" \/>\n<meta property=\"og:url\" content=\"https:\/\/elister.ee\/en\/seadmed\/\" \/>\n<meta property=\"og:site_name\" content=\"Elister\" \/>\n<meta property=\"article:publisher\" content=\"https:\/\/www.facebook.com\/ElisterLTD\/\" \/>\n<meta property=\"article:modified_time\" content=\"2023-09-19T14:23:26+00:00\" \/>\n<script type=\"application\/ld+json\" class=\"yoast-schema-graph\">{\"@context\":\"https:\/\/schema.org\",\"@graph\":[{\"@type\":\"WebPage\",\"@id\":\"https:\/\/elister.ee\/seadmed\/\",\"url\":\"https:\/\/elister.ee\/seadmed\/\",\"name\":\"Seadmed - Elister\",\"isPartOf\":{\"@id\":\"https:\/\/elister.ee\/#website\"},\"primaryImageOfPage\":{\"@id\":\"https:\/\/elister.ee\/seadmed\/#primaryimage\"},\"image\":{\"@id\":\"https:\/\/elister.ee\/seadmed\/#primaryimage\"},\"thumbnailUrl\":\"https:\/\/elister.ee\/wp-content\/uploads\/2023\/08\/elister_logo.svg\",\"datePublished\":\"2023-09-07T09:44:22+00:00\",\"dateModified\":\"2023-09-19T14:23:26+00:00\",\"description\":\"Oleme oma partneriteks valinud t\u00e4nap\u00e4eva t\u00f6\u00f6stusmaailma tipptootjad ning j\u00e4lgime pidevalt uuendusi, mida t\u00f6\u00f6stusmaailm pakub.T\u00e4nu sellele saame oma klientidele pakkuda turu parimat valikut.\",\"breadcrumb\":{\"@id\":\"https:\/\/elister.ee\/seadmed\/#breadcrumb\"},\"inLanguage\":\"en-US\",\"potentialAction\":[{\"@type\":\"ReadAction\",\"target\":[\"https:\/\/elister.ee\/seadmed\/\"]}]},{\"@type\":\"ImageObject\",\"inLanguage\":\"en-US\",\"@id\":\"https:\/\/elister.ee\/seadmed\/#primaryimage\",\"url\":\"https:\/\/elister.ee\/wp-content\/uploads\/2023\/08\/elister_logo.svg\",\"contentUrl\":\"https:\/\/elister.ee\/wp-content\/uploads\/2023\/08\/elister_logo.svg\",\"width\":260,\"height\":258},{\"@type\":\"BreadcrumbList\",\"@id\":\"https:\/\/elister.ee\/seadmed\/#breadcrumb\",\"itemListElement\":[{\"@type\":\"ListItem\",\"position\":1,\"name\":\"Home\",\"item\":\"https:\/\/elister.ee\/\"},{\"@type\":\"ListItem\",\"position\":2,\"name\":\"Seadmed\"}]},{\"@type\":\"WebSite\",\"@id\":\"https:\/\/elister.ee\/#website\",\"url\":\"https:\/\/elister.ee\/\",\"name\":\"Elister\",\"description\":\"T\u00f6\u00f6stuslikud viimistluslahendused\",\"publisher\":{\"@id\":\"https:\/\/elister.ee\/#organization\"},\"alternateName\":\"Industrial solutions\",\"potentialAction\":[{\"@type\":\"SearchAction\",\"target\":{\"@type\":\"EntryPoint\",\"urlTemplate\":\"https:\/\/elister.ee\/?s={search_term_string}\"},\"query-input\":{\"@type\":\"PropertyValueSpecification\",\"valueRequired\":true,\"valueName\":\"search_term_string\"}}],\"inLanguage\":\"en-US\"},{\"@type\":\"Organization\",\"@id\":\"https:\/\/elister.ee\/#organization\",\"name\":\"Elister\",\"url\":\"https:\/\/elister.ee\/\",\"logo\":{\"@type\":\"ImageObject\",\"inLanguage\":\"en-US\",\"@id\":\"https:\/\/elister.ee\/#\/schema\/logo\/image\/\",\"url\":\"https:\/\/elister.ee\/wp-content\/uploads\/2023\/08\/elister_logo.svg\",\"contentUrl\":\"https:\/\/elister.ee\/wp-content\/uploads\/2023\/08\/elister_logo.svg\",\"width\":260,\"height\":258,\"caption\":\"Elister\"},\"image\":{\"@id\":\"https:\/\/elister.ee\/#\/schema\/logo\/image\/\"},\"sameAs\":[\"https:\/\/www.facebook.com\/ElisterLTD\/\",\"https:\/\/www.instagram.com\/elisterltd\/\",\"https:\/\/www.youtube.com\/@elisterou8943\"]}]}<\/script>\n<!-- \/ Yoast SEO Premium plugin. -->","yoast_head_json":{"title":"Seadmed - Elister","description":"Oleme oma partneriteks valinud t\u00e4nap\u00e4eva t\u00f6\u00f6stusmaailma tipptootjad ning j\u00e4lgime pidevalt uuendusi, mida t\u00f6\u00f6stusmaailm pakub.T\u00e4nu sellele saame oma klientidele pakkuda turu parimat valikut.","robots":{"index":"index","follow":"follow","max-snippet":"max-snippet:-1","max-image-preview":"max-image-preview:large","max-video-preview":"max-video-preview:-1"},"canonical":"https:\/\/elister.ee\/en\/seadmed\/","og_locale":"en_US","og_type":"article","og_title":"Seadmed","og_description":"Oleme oma partneriteks valinud t\u00e4nap\u00e4eva t\u00f6\u00f6stusmaailma tipptootjad ning j\u00e4lgime pidevalt uuendusi, mida t\u00f6\u00f6stusmaailm pakub.T\u00e4nu sellele saame oma klientidele pakkuda turu parimat valikut.","og_url":"https:\/\/elister.ee\/en\/seadmed\/","og_site_name":"Elister","article_publisher":"https:\/\/www.facebook.com\/ElisterLTD\/","article_modified_time":"2023-09-19T14:23:26+00:00","schema":{"@context":"https:\/\/schema.org","@graph":[{"@type":"WebPage","@id":"https:\/\/elister.ee\/seadmed\/","url":"https:\/\/elister.ee\/seadmed\/","name":"Seadmed - Elister","isPartOf":{"@id":"https:\/\/elister.ee\/#website"},"primaryImageOfPage":{"@id":"https:\/\/elister.ee\/seadmed\/#primaryimage"},"image":{"@id":"https:\/\/elister.ee\/seadmed\/#primaryimage"},"thumbnailUrl":"https:\/\/elister.ee\/wp-content\/uploads\/2023\/08\/elister_logo.svg","datePublished":"2023-09-07T09:44:22+00:00","dateModified":"2023-09-19T14:23:26+00:00","description":"Oleme oma partneriteks valinud t\u00e4nap\u00e4eva t\u00f6\u00f6stusmaailma tipptootjad ning j\u00e4lgime pidevalt uuendusi, mida t\u00f6\u00f6stusmaailm pakub.T\u00e4nu sellele saame oma klientidele pakkuda turu parimat valikut.","breadcrumb":{"@id":"https:\/\/elister.ee\/seadmed\/#breadcrumb"},"inLanguage":"en-US","potentialAction":[{"@type":"ReadAction","target":["https:\/\/elister.ee\/seadmed\/"]}]},{"@type":"ImageObject","inLanguage":"en-US","@id":"https:\/\/elister.ee\/seadmed\/#primaryimage","url":"https:\/\/elister.ee\/wp-content\/uploads\/2023\/08\/elister_logo.svg","contentUrl":"https:\/\/elister.ee\/wp-content\/uploads\/2023\/08\/elister_logo.svg","width":260,"height":258},{"@type":"BreadcrumbList","@id":"https:\/\/elister.ee\/seadmed\/#breadcrumb","itemListElement":[{"@type":"ListItem","position":1,"name":"Home","item":"https:\/\/elister.ee\/"},{"@type":"ListItem","position":2,"name":"Seadmed"}]},{"@type":"WebSite","@id":"https:\/\/elister.ee\/#website","url":"https:\/\/elister.ee\/","name":"Elister","description":"Industrial finishing solutions","publisher":{"@id":"https:\/\/elister.ee\/#organization"},"alternateName":"Industrial solutions","potentialAction":[{"@type":"SearchAction","target":{"@type":"EntryPoint","urlTemplate":"https:\/\/elister.ee\/?s={search_term_string}"},"query-input":{"@type":"PropertyValueSpecification","valueRequired":true,"valueName":"search_term_string"}}],"inLanguage":"en-US"},{"@type":"Organization","@id":"https:\/\/elister.ee\/#organization","name":"Elister","url":"https:\/\/elister.ee\/","logo":{"@type":"ImageObject","inLanguage":"en-US","@id":"https:\/\/elister.ee\/#\/schema\/logo\/image\/","url":"https:\/\/elister.ee\/wp-content\/uploads\/2023\/08\/elister_logo.svg","contentUrl":"https:\/\/elister.ee\/wp-content\/uploads\/2023\/08\/elister_logo.svg","width":260,"height":258,"caption":"Elister"},"image":{"@id":"https:\/\/elister.ee\/#\/schema\/logo\/image\/"},"sameAs":["https:\/\/www.facebook.com\/ElisterLTD\/","https:\/\/www.instagram.com\/elisterltd\/","https:\/\/www.youtube.com\/@elisterou8943"]}]}},"_links":{"self":[{"href":"https:\/\/elister.ee\/en\/wp-json\/wp\/v2\/pages\/1342","targetHints":{"allow":["GET"]}}],"collection":[{"href":"https:\/\/elister.ee\/en\/wp-json\/wp\/v2\/pages"}],"about":[{"href":"https:\/\/elister.ee\/en\/wp-json\/wp\/v2\/types\/page"}],"author":[{"embeddable":true,"href":"https:\/\/elister.ee\/en\/wp-json\/wp\/v2\/users\/1"}],"replies":[{"embeddable":true,"href":"https:\/\/elister.ee\/en\/wp-json\/wp\/v2\/comments?post=1342"}],"version-history":[{"count":1,"href":"https:\/\/elister.ee\/en\/wp-json\/wp\/v2\/pages\/1342\/revisions"}],"predecessor-version":[{"id":1343,"href":"https:\/\/elister.ee\/en\/wp-json\/wp\/v2\/pages\/1342\/revisions\/1343"}],"wp:featuredmedia":[{"embeddable":true,"href":"https:\/\/elister.ee\/en\/wp-json\/wp\/v2\/media\/53"}],"wp:attachment":[{"href":"https:\/\/elister.ee\/en\/wp-json\/wp\/v2\/media?parent=1342"}],"curies":[{"name":"wp","href":"https:\/\/api.w.org\/{rel}","templated":true}]}}