{"id":13,"date":"2023-08-24T10:43:29","date_gmt":"2023-08-24T07:43:29","guid":{"rendered":"https:\/\/elister.ee\/?page_id=13"},"modified":"2026-04-04T09:58:07","modified_gmt":"2026-04-04T06:58:07","slug":"elister","status":"publish","type":"page","link":"https:\/\/elister.ee\/lt\/","title":{"rendered":"\"Elister\" - pramoniniai sprendimai"},"content":{"rendered":"","protected":false},"excerpt":{"rendered":"","protected":false},"author":1,"featured_media":53,"parent":0,"menu_order":0,"comment_status":"closed","ping_status":"closed","template":"templates\/homepage.php","meta":{"footnotes":""},"class_list":["post-13","page","type-page","status-publish","has-post-thumbnail","hentry"],"acf":[],"yoast_head":"<!-- This site is optimized with the Yoast SEO Premium plugin v26.8 (Yoast SEO v26.8) - https:\/\/yoast.com\/product\/yoast-seo-premium-wordpress\/ -->\n<title>Elister - t\u00f6\u00f6stuslikud lahendused - Elister<\/title>\n<meta name=\"description\" content=\"Elister O\u00dc - avasta t\u00f6\u00f6stuslike lahenduste maailm - v\u00e4rvikambrid, v\u00e4rvimisrobotid, haaveldamisautomaadid ja palju muud.\" \/>\n<meta name=\"robots\" content=\"index, follow, max-snippet:-1, max-image-preview:large, max-video-preview:-1\" \/>\n<link rel=\"canonical\" href=\"https:\/\/elister.ee\/lt\/\" \/>\n<meta property=\"og:locale\" content=\"lt_LT\" \/>\n<meta property=\"og:type\" content=\"article\" \/>\n<meta property=\"og:title\" content=\"Elister - t\u00f6\u00f6stuslikud lahendused\" \/>\n<meta property=\"og:description\" content=\"Elister O\u00dc - avasta t\u00f6\u00f6stuslike lahenduste maailm - v\u00e4rvikambrid, v\u00e4rvimisrobotid, haaveldamisautomaadid ja palju muud.\" \/>\n<meta property=\"og:url\" content=\"https:\/\/elister.ee\/lt\/\" \/>\n<meta property=\"og:site_name\" content=\"Elister\" \/>\n<meta property=\"article:publisher\" content=\"https:\/\/www.facebook.com\/ElisterLTD\/\" \/>\n<meta property=\"article:modified_time\" content=\"2026-04-04T06:58:07+00:00\" \/>\n<script type=\"application\/ld+json\" class=\"yoast-schema-graph\">{\"@context\":\"https:\/\/schema.org\",\"@graph\":[{\"@type\":\"WebPage\",\"@id\":\"https:\/\/elister.ee\/\",\"url\":\"https:\/\/elister.ee\/\",\"name\":\"Elister - t\u00f6\u00f6stuslikud lahendused - Elister\",\"isPartOf\":{\"@id\":\"https:\/\/elister.ee\/#website\"},\"primaryImageOfPage\":{\"@id\":\"https:\/\/elister.ee\/#primaryimage\"},\"image\":{\"@id\":\"https:\/\/elister.ee\/#primaryimage\"},\"thumbnailUrl\":\"https:\/\/elister.ee\/wp-content\/uploads\/2023\/08\/elister_logo.svg\",\"datePublished\":\"2023-08-24T07:43:29+00:00\",\"dateModified\":\"2026-04-04T06:58:07+00:00\",\"description\":\"Elister O\u00dc - avasta t\u00f6\u00f6stuslike lahenduste maailm - v\u00e4rvikambrid, v\u00e4rvimisrobotid, haaveldamisautomaadid ja palju muud.\",\"breadcrumb\":{\"@id\":\"https:\/\/elister.ee\/#breadcrumb\"},\"inLanguage\":\"lt-LT\",\"potentialAction\":[{\"@type\":\"ReadAction\",\"target\":[\"https:\/\/elister.ee\/\"]}]},{\"@type\":\"ImageObject\",\"inLanguage\":\"lt-LT\",\"@id\":\"https:\/\/elister.ee\/#primaryimage\",\"url\":\"https:\/\/elister.ee\/wp-content\/uploads\/2023\/08\/elister_logo.svg\",\"contentUrl\":\"https:\/\/elister.ee\/wp-content\/uploads\/2023\/08\/elister_logo.svg\",\"width\":260,\"height\":258},{\"@type\":\"BreadcrumbList\",\"@id\":\"https:\/\/elister.ee\/#breadcrumb\",\"itemListElement\":[{\"@type\":\"ListItem\",\"position\":1,\"name\":\"Home\",\"item\":\"https:\/\/elister.ee\/\"},{\"@type\":\"ListItem\",\"position\":2,\"name\":\"Elister &#8211; t\u00f6\u00f6stuslikud lahendused\"}]},{\"@type\":\"WebSite\",\"@id\":\"https:\/\/elister.ee\/#website\",\"url\":\"https:\/\/elister.ee\/\",\"name\":\"Elister\",\"description\":\"T\u00f6\u00f6stuslikud viimistluslahendused\",\"publisher\":{\"@id\":\"https:\/\/elister.ee\/#organization\"},\"alternateName\":\"Industrial solutions\",\"potentialAction\":[{\"@type\":\"SearchAction\",\"target\":{\"@type\":\"EntryPoint\",\"urlTemplate\":\"https:\/\/elister.ee\/?s={search_term_string}\"},\"query-input\":{\"@type\":\"PropertyValueSpecification\",\"valueRequired\":true,\"valueName\":\"search_term_string\"}}],\"inLanguage\":\"lt-LT\"},{\"@type\":\"Organization\",\"@id\":\"https:\/\/elister.ee\/#organization\",\"name\":\"Elister\",\"url\":\"https:\/\/elister.ee\/\",\"logo\":{\"@type\":\"ImageObject\",\"inLanguage\":\"lt-LT\",\"@id\":\"https:\/\/elister.ee\/#\/schema\/logo\/image\/\",\"url\":\"https:\/\/elister.ee\/wp-content\/uploads\/2023\/08\/elister_logo.svg\",\"contentUrl\":\"https:\/\/elister.ee\/wp-content\/uploads\/2023\/08\/elister_logo.svg\",\"width\":260,\"height\":258,\"caption\":\"Elister\"},\"image\":{\"@id\":\"https:\/\/elister.ee\/#\/schema\/logo\/image\/\"},\"sameAs\":[\"https:\/\/www.facebook.com\/ElisterLTD\/\",\"https:\/\/www.instagram.com\/elisterltd\/\",\"https:\/\/www.youtube.com\/@elisterou8943\"]}]}<\/script>\n<!-- \/ Yoast SEO Premium plugin. -->","yoast_head_json":{"title":"Elister - t\u00f6\u00f6stuslikud lahendused - Elister","description":"Elister O\u00dc - avasta t\u00f6\u00f6stuslike lahenduste maailm - v\u00e4rvikambrid, v\u00e4rvimisrobotid, haaveldamisautomaadid ja palju muud.","robots":{"index":"index","follow":"follow","max-snippet":"max-snippet:-1","max-image-preview":"max-image-preview:large","max-video-preview":"max-video-preview:-1"},"canonical":"https:\/\/elister.ee\/lt\/","og_locale":"lt_LT","og_type":"article","og_title":"Elister - t\u00f6\u00f6stuslikud lahendused","og_description":"Elister O\u00dc - avasta t\u00f6\u00f6stuslike lahenduste maailm - v\u00e4rvikambrid, v\u00e4rvimisrobotid, haaveldamisautomaadid ja palju muud.","og_url":"https:\/\/elister.ee\/lt\/","og_site_name":"Elister","article_publisher":"https:\/\/www.facebook.com\/ElisterLTD\/","article_modified_time":"2026-04-04T06:58:07+00:00","schema":{"@context":"https:\/\/schema.org","@graph":[{"@type":"WebPage","@id":"https:\/\/elister.ee\/","url":"https:\/\/elister.ee\/","name":"Elister - t\u00f6\u00f6stuslikud lahendused - Elister","isPartOf":{"@id":"https:\/\/elister.ee\/#website"},"primaryImageOfPage":{"@id":"https:\/\/elister.ee\/#primaryimage"},"image":{"@id":"https:\/\/elister.ee\/#primaryimage"},"thumbnailUrl":"https:\/\/elister.ee\/wp-content\/uploads\/2023\/08\/elister_logo.svg","datePublished":"2023-08-24T07:43:29+00:00","dateModified":"2026-04-04T06:58:07+00:00","description":"Elister O\u00dc - avasta t\u00f6\u00f6stuslike lahenduste maailm - v\u00e4rvikambrid, v\u00e4rvimisrobotid, haaveldamisautomaadid ja palju muud.","breadcrumb":{"@id":"https:\/\/elister.ee\/#breadcrumb"},"inLanguage":"lt-LT","potentialAction":[{"@type":"ReadAction","target":["https:\/\/elister.ee\/"]}]},{"@type":"ImageObject","inLanguage":"lt-LT","@id":"https:\/\/elister.ee\/#primaryimage","url":"https:\/\/elister.ee\/wp-content\/uploads\/2023\/08\/elister_logo.svg","contentUrl":"https:\/\/elister.ee\/wp-content\/uploads\/2023\/08\/elister_logo.svg","width":260,"height":258},{"@type":"BreadcrumbList","@id":"https:\/\/elister.ee\/#breadcrumb","itemListElement":[{"@type":"ListItem","position":1,"name":"Home","item":"https:\/\/elister.ee\/"},{"@type":"ListItem","position":2,"name":"Elister &#8211; t\u00f6\u00f6stuslikud lahendused"}]},{"@type":"WebSite","@id":"https:\/\/elister.ee\/#website","url":"https:\/\/elister.ee\/","name":"Elister","description":"Pramonin\u0117s apdailos sprendimai","publisher":{"@id":"https:\/\/elister.ee\/#organization"},"alternateName":"Industrial solutions","potentialAction":[{"@type":"SearchAction","target":{"@type":"EntryPoint","urlTemplate":"https:\/\/elister.ee\/?s={search_term_string}"},"query-input":{"@type":"PropertyValueSpecification","valueRequired":true,"valueName":"search_term_string"}}],"inLanguage":"lt-LT"},{"@type":"Organization","@id":"https:\/\/elister.ee\/#organization","name":"Elister","url":"https:\/\/elister.ee\/","logo":{"@type":"ImageObject","inLanguage":"lt-LT","@id":"https:\/\/elister.ee\/#\/schema\/logo\/image\/","url":"https:\/\/elister.ee\/wp-content\/uploads\/2023\/08\/elister_logo.svg","contentUrl":"https:\/\/elister.ee\/wp-content\/uploads\/2023\/08\/elister_logo.svg","width":260,"height":258,"caption":"Elister"},"image":{"@id":"https:\/\/elister.ee\/#\/schema\/logo\/image\/"},"sameAs":["https:\/\/www.facebook.com\/ElisterLTD\/","https:\/\/www.instagram.com\/elisterltd\/","https:\/\/www.youtube.com\/@elisterou8943"]}]}},"_links":{"self":[{"href":"https:\/\/elister.ee\/lt\/wp-json\/wp\/v2\/pages\/13","targetHints":{"allow":["GET"]}}],"collection":[{"href":"https:\/\/elister.ee\/lt\/wp-json\/wp\/v2\/pages"}],"about":[{"href":"https:\/\/elister.ee\/lt\/wp-json\/wp\/v2\/types\/page"}],"author":[{"embeddable":true,"href":"https:\/\/elister.ee\/lt\/wp-json\/wp\/v2\/users\/1"}],"replies":[{"embeddable":true,"href":"https:\/\/elister.ee\/lt\/wp-json\/wp\/v2\/comments?post=13"}],"version-history":[{"count":49,"href":"https:\/\/elister.ee\/lt\/wp-json\/wp\/v2\/pages\/13\/revisions"}],"predecessor-version":[{"id":7441,"href":"https:\/\/elister.ee\/lt\/wp-json\/wp\/v2\/pages\/13\/revisions\/7441"}],"wp:featuredmedia":[{"embeddable":true,"href":"https:\/\/elister.ee\/lt\/wp-json\/wp\/v2\/media\/53"}],"wp:attachment":[{"href":"https:\/\/elister.ee\/lt\/wp-json\/wp\/v2\/media?parent=13"}],"curies":[{"name":"wp","href":"https:\/\/api.w.org\/{rel}","templated":true}]}}