{"id":3,"date":"2023-08-24T06:54:57","date_gmt":"2023-08-24T06:54:57","guid":{"rendered":"https:\/\/elister.ee\/?page_id=3"},"modified":"2023-09-19T17:23:38","modified_gmt":"2023-09-19T14:23:38","slug":"privaatsuspoliitika","status":"publish","type":"page","link":"https:\/\/elister.ee\/lt\/privaatsuspoliitika\/","title":{"rendered":"Privatumo politika"},"content":{"rendered":"<p>\"Elister O\u00dc\" r\u016bpinasi j\u016bs\u0173 privatumu ir laikosi vis\u0173 galiojan\u010di\u0173 \u012fstatym\u0173 ir taisykli\u0173, susijusi\u0173 su bet kokia asmenine informacija, kuri\u0105 galime surinkti apie jus, kai lankot\u0117s m\u016bs\u0173 svetain\u0117je. <a href=\"https:\/\/elister.ee\/lt\/\">elister.ee<\/a>. Naudodamiesi m\u016bs\u0173 svetaine sutinkate, kad j\u016bs\u0173 informacija b\u016bt\u0173 renkama ir naudojama pagal \u0161i\u0105 privatumo politik\u0105.<\/p>\n\n\n\n<p>\u0160ioje privatumo politikoje norime paai\u0161kinti, kokius duomenis renkame, kaip juos naudojame ir kokios yra j\u016bs\u0173 teis\u0117s apsaugoti savo duomenis. \u0160i politika taikoma tik m\u016bs\u0173 interneto svetainei ir jos lankytojams ir netaikoma kitais kanalais surinktiems duomenims.<\/p>\n\n\n\n<p>\"Elister O\u00dc\" yra j\u016bs\u0173 duomen\u0173 valdytojas<\/p>\n\n\n\n<p>\u012emon\u0117s reg. Nr.: 12426649<\/p>\n\n\n\n<p>El. pa\u0161tas: info@elister.ee<\/p>\n\n\n\n<p>telefono numeris: +372 51 66 948<\/p>\n\n\n\n<p>Informacij\u0105 renkame ir tvarkome vadovaudamiesi ES Bendruoju duomen\u0173 apsaugos reglamentu (BDAR), kuris \u012fsigaliojo 2018 05 25.<\/p>\n\n\n\n<h2 class=\"wp-block-heading\">Duomen\u0173 rinkimas ir naudojimas<\/h2>\n\n\n\n<h3 class=\"wp-block-heading\">Kokius duomenis renkame<\/h3>\n\n\n\n<p>M\u016bs\u0173 renkama informacija apima informacij\u0105, kuri\u0105 s\u0105moningai ir aktyviai pateikiate mums naudodamiesi m\u016bs\u0173 paslaugomis arba dalyvaudami m\u016bs\u0173 paslaugose ar akcijose, taip pat bet koki\u0105 informacij\u0105, kuri\u0105 j\u016bs\u0173 \u012frenginiai siun\u010dia mums, kai naudojat\u0117s m\u016bs\u0173 produktais ir paslaugomis.<\/p>\n\n\n\n<p>M\u016bs\u0173 renkama informacija apima informacij\u0105, kuria s\u0105moningai pasidalijote su mumis naudodamiesi m\u016bs\u0173 paslaugomis ar reklaminiais pasi\u016blymais, ir informacij\u0105, kuri\u0105 j\u016bs\u0173 \u012frenginiai automati\u0161kai perduoda mums.<\/p>\n\n\n\n<p>J\u016bs\u0173 asmenin\u0117 informacija mus gali pasiekti \u0161iais b\u016bdais:<\/p>\n\n\n\n<ul class=\"wp-block-list\">\n<li>Kai su mumis susisiekiate telefonu, el. pa\u0161tu arba internetiniu pokalbiu.<\/li>\n\n\n\n<li>Jei nar\u0161ote svetain\u0119 <a href=\"https:\/\/elister.ee\/lt\/\">elister.ee<\/a><\/li>\n\n\n\n<li>Jei komentuosite, patiksite ar bendrinsite bet kur\u012f m\u016bs\u0173 \u012fra\u0161\u0105 m\u016bs\u0173 socialin\u0117s \u017einiasklaidos paskyroje.<\/li>\n\n\n\n<li>Kai prisijungiate prie m\u016bs\u0173 naujienlai\u0161kio<\/li>\n\n\n\n<li>Jei komentuojate prane\u0161imus m\u016bs\u0173 svetain\u0117je.<\/li>\n<\/ul>\n\n\n\n<h3 class=\"wp-block-heading\">Rinktin\u0173 duomen\u0173 tipai<\/h3>\n\n\n\n<h4 class=\"wp-block-heading\">Asmens duomenys<\/h4>\n\n\n\n<p>Asmenin\u0117s informacijos pra\u0161ysime tik tuo atveju, jei ji bus b\u016btina norint suteikti jums paslaug\u0105. Susisiekdami su mumis arba lankydamiesi m\u016bs\u0173 svetain\u0117je, galite mums pateikti toliau nurodyt\u0105 informacij\u0105:<\/p>\n\n\n\n<ul class=\"wp-block-list\">\n<li>Vardas ir pavard\u0117<\/li>\n\n\n\n<li>El. pa\u0161to adresas<\/li>\n\n\n\n<li>Telefono numeris<\/li>\n\n\n\n<li>J\u016bs\u0173 ir m\u016bs\u0173 pokalbi\u0173 istorija<\/li>\n\n\n\n<li>Informacija apie j\u016bs\u0173 \u017einiatinklio nar\u0161ykl\u0119 ir IP adres\u0105.<\/li>\n<\/ul>\n\n\n\n<h4 class=\"wp-block-heading\">\u017durnalo failai<\/h4>\n\n\n\n<p>M\u016bs\u0173 svetain\u0117 <a href=\"https:\/\/elister.ee\/lt\/\">elister.ee<\/a> i\u0161saugo \u017eurnalo failus apie lankytojus. Renkama informacija gali b\u016bti tokia:<\/p>\n\n\n\n<ul class=\"wp-block-list\">\n<li>Naudojamo prietaiso tipas<\/li>\n\n\n\n<li>Interneto protokolo (IP) adresas<\/li>\n\n\n\n<li>nar\u0161ykl\u0117s tipas<\/li>\n\n\n\n<li>Interneto paslaug\u0173 teik\u0117jas (IPT)<\/li>\n\n\n\n<li>J\u016bs\u0173 apsilankymo svetain\u0117je data ir laikas<\/li>\n\n\n\n<li>Paspaudim\u0173 skai\u010dius \u012f\u0117jimo ir i\u0161\u0117jimo i\u0161 svetain\u0117s puslapyje<\/li>\n<\/ul>\n\n\n\n<p>\u017durnalo failuose esanti informacija naudojama tendencijoms analizuoti, svetainei administruoti, lankytoj\u0173 veiklai steb\u0117ti ir demografinei informacijai rinkti. Gauta informacija n\u0117ra skirta ir n\u0117ra skirta asmeniui identifikuoti.<\/p>\n\n\n\n<h4 class=\"wp-block-heading\">Slapukai<\/h4>\n\n\n\n<p>Kaip ir dauguma svetaini\u0173, ji naudoja <a href=\"https:\/\/elister.ee\/lt\/\">elister.ee<\/a> &#8220;k\u00fcpsiseid&#8221;. K\u00fcpsis on sisuliselt tekstifail, mis salvestatakse veebisaidi k\u00fclastamisel kasutaja seadmesse. K\u00fcpsiste abil m\u00e4\u00e4ratakse ja salvestatakse eelistused, regionaalsed s\u00e4tted, teenuste kasutamise valikud jpm.<\/p>\n\n\n\n<p>Jei norite, galite i\u0161jungti slapuk\u0173 naudojim\u0105 savo nar\u0161ykl\u0117s nustatymuose, ta\u010diau tokiu atveju gali sutrikti gaunamos paslaugos teikimas.<\/p>\n\n\n\n<p>Slapukai skirstomi \u012f nuolatinius ir sesijos slapukus. Nuolatiniai slapukai lieka j\u016bs\u0173 kompiuteryje ar mobiliajame \u012frenginyje net ir tada, kai u\u017edarote nar\u0161ykl\u0119 ar kompiuter\u012f. Kita vertus, sesijos slapukai i\u0161trinami, kai tik u\u017edarote nar\u0161ykl\u0119.<\/p>\n\n\n\n<p>Slapukai skirstomi pagal j\u0173 paskirt\u012f:<\/p>\n\n\n\n<p><strong>B\u016btini slapukai.<\/strong> sesijos slapukai, kuri\u0173 tikslas - suteikti jums galimyb\u0119 naudotis m\u016bs\u0173 svetain\u0117je si\u016blomomis paslaugomis. \u0160ie slapukai padeda nustatyti naudotoj\u0173 autenti\u0161kum\u0105 ir u\u017ekirsti keli\u0105 piktavali\u0161kam naudotoj\u0173 paskyr\u0173 naudojimui. Be \u0161i\u0173 slapuk\u0173 negal\u0117sime jums teikti j\u016bs\u0173 pra\u0161om\u0173 paslaug\u0173.<\/p>\n\n\n\n<p><strong>Prane\u0161im\u0173 slapukai.<\/strong> \u0160iais slapukais nustatoma, ar naudotojai sutiko, kad svetain\u0117je b\u016bt\u0173 naudojami slapukai.<\/p>\n\n\n\n<p><strong>Funkciniai slapukai.<\/strong> \u0160ie slapukai leid\u017eia nar\u0161yklei \u012fsiminti j\u016bs\u0173 pasirinkimus, kuriuos darote naudodamiesi svetaine, pavyzd\u017eiui, i\u0161saugoti j\u016bs\u0173 prisijungimo duomenis arba kalbos nuostatas. \u0160i\u0173 slapuk\u0173 paskirtis - suteikti jums labiau individualizuot\u0105 patirt\u012f ir neleisti jums i\u0161 naujo \u012fvesti savo nuostat\u0173.<\/p>\n\n\n\n<h3 class=\"wp-block-heading\">Kaip naudojame duomenis<\/h3>\n\n\n\n<p>Surinkt\u0105 informacij\u0105 galime naudoti \u012fvairiais tikslais, \u012fskaitant:<\/p>\n\n\n\n<ul class=\"wp-block-list\">\n<li>pri\u017ei\u016br\u0117ti, valdyti, tobulinti, pritaikyti ir pl\u0117sti m\u016bs\u0173 svetain\u0119.<\/li>\n\n\n\n<li>Rinkti statistinius duomenis, kad gal\u0117tume teikti geresnes paslaugas ir (arba) pasi\u016blymus, suprasti ir analizuoti m\u016bs\u0173 svetain\u0117s lankytoj\u0173 elgsen\u0105.<\/li>\n\n\n\n<li>Nustatyti j\u016bs\u0173 tapatyb\u0119 telefonu, teksto \u017einute arba el. pa\u0161tu.<\/li>\n\n\n\n<li>si\u0173sti jums informacij\u0105 ir pra\u0161yti atsiliepim\u0173 apie m\u016bs\u0173 paslaugas.<\/li>\n\n\n\n<li>siekiant u\u017ekirsti keli\u0105 suk\u010diavimui ir apsaugoti m\u016bs\u0173 svetain\u0119<\/li>\n\n\n\n<li>Kad gal\u0117tume palaikyti ry\u0161\u012f su jumis per j\u016bs\u0173 socialin\u0117s \u017einiasklaidos paskyr\u0105.<\/li>\n\n\n\n<li>Kad b\u016bt\u0173 galima perskaityti pokalbi\u0173 istorij\u0105 ir grei\u010diau suteikti reikiam\u0105 patarim\u0105.<\/li>\n\n\n\n<li>Siekdami gerinti savo paslaug\u0173 kokyb\u0119 ir teikti veiksmingesnius nar\u0161ymo sprendimus.<\/li>\n\n\n\n<li>kurti naujus produktus, paslaugas ar tobulinti j\u0173 funkcionalum\u0105.<\/li>\n\n\n\n<li>supaprastinti ir pagreitinti m\u016bs\u0173 tarpusavio s\u0105veik\u0105, kai su mumis susisiekiate.<\/li>\n\n\n\n<li>Kitais tikslais. Pavyzd\u017eiui, analizuoti duomenis, tirti tendencijas, vertinti m\u016bs\u0173 reklamos kampanij\u0173 veiksmingum\u0105.<\/li>\n<\/ul>\n\n\n\n<h3 class=\"wp-block-heading\">Kokiais atvejais galime dalytis j\u016bs\u0173 duomenimis su.<\/h3>\n\n\n\n<ul class=\"wp-block-list\">\n<li>Galime dalytis j\u016bs\u0173 asmenine informacija arba j\u0105 perduoti d\u0117l nuosavyb\u0117s pasikeitimo, susijungimo, turto pardavimo, finansavimo ar m\u016bs\u0173 verslo \u012fsigijimo. Mes jums prane\u0161ime, kai perduosime j\u016bs\u0173 asmenin\u0119 informacij\u0105 ir kai jai bus taikomos kitos privatumo politikos nuostatos.<\/li>\n\n\n\n<li>Galime dalytis j\u016bs\u0173 informacija su savo partneriais, reikalaudami, kad jie laikyt\u0173si \u0161ios privatumo politikos. Partneriai - tai m\u016bs\u0173 patronuojan\u010diosios \u012fmon\u0117s, dukterin\u0117s \u012fmon\u0117s, bendros \u012fmon\u0117s partneriai arba mums priklausan\u010dios \u012fmon\u0117s.<\/li>\n\n\n\n<li>Galime dalytis j\u016bs\u0173 informacija su savo verslo partneriais, kad gal\u0117tume jums pasi\u016blyti tam tikr\u0173 produkt\u0173, paslaug\u0173 ar akcij\u0173.<\/li>\n\n\n\n<li>Gav\u0119 j\u016bs\u0173 sutikim\u0105 galime atskleisti j\u016bs\u0173 asmenin\u0119 informacij\u0105 bet kuriuo kitu tikslu.<\/li>\n\n\n\n<li>Esame \u012fpareigoti atskleisti j\u016bs\u0173 asmens duomenis, jei to reikalauja \u012fstatymai. J\u016bs\u0173 informacij\u0105 taip pat galime atskleisti s\u0105\u017einingai vykdydami teisinius \u012fsipareigojimus, siekdami apsaugoti savo teises ar nuosavyb\u0119, u\u017ekirsti keli\u0105 galimiems teis\u0117s pa\u017eeidimams, susijusiems su j\u016bs\u0173 naudojimusi m\u016bs\u0173 paslauga, arba juos nustatyti, taip pat siekdami u\u017etikrinti m\u016bs\u0173 paslaugos naudotoj\u0173 saugum\u0105.<\/li>\n<\/ul>\n\n\n\n<h3 class=\"wp-block-heading\">J\u016bs\u0173 asmens duomen\u0173 saugojimas<\/h3>\n\n\n\n<p>Bendrov\u0117 saugos j\u016bs\u0173 asmens duomenis tik tiek laiko, kiek tai bus b\u016btina \u0161ioje privatumo politikoje nurodytiems tikslams pasiekti. J\u016bs\u0173 asmenin\u0119 informacij\u0105 saugosime ir naudosime tiek, kiek tai b\u016btina m\u016bs\u0173 teisiniams \u012fsipareigojimams vykdyti (pavyzd\u017eiui, jei turime saugoti j\u016bs\u0173 informacij\u0105, kad laikytum\u0117m\u0117s galiojan\u010di\u0173 \u012fstatym\u0173), gin\u010dams spr\u0119sti ir m\u016bs\u0173 teisiniams susitarimams bei taisykl\u0117ms \u012fgyvendinti.<\/p>\n\n\n\n<p>Bendrov\u0117 taip pat saugo \u017eurnalo failus vidinei analizei. \u017durnal\u0173 failai paprastai saugomi trumpesn\u012f laik\u0105, i\u0161skyrus atvejus, kai duomenys naudojami saugumui didinti ar m\u016bs\u0173 paslaugos funkcionalumui gerinti arba kai pagal \u012fstatymus privalome saugoti duomenis ilgesn\u012f laik\u0105.<\/p>\n\n\n\n<h3 class=\"wp-block-heading\">Vaik\u0173 duomen\u0173 tvarkymas<\/h3>\n\n\n\n<p>N\u0117 vienas i\u0161 m\u016bs\u0173 produkt\u0173 ar paslaug\u0173 n\u0117ra skirtas jaunesniems nei 13 met\u0173 vaikams ir mes s\u0105moningai nerenkame informacijos i\u0161 jaunesni\u0173 nei 13 met\u0173 vaik\u0173. Kilus \u012ftarimui, kad tvarkome informacij\u0105 apie jaunesn\u012f nei 13 met\u0173 asmen\u012f, pa\u0161alinsime t\u0105 asmen\u012f i\u0161 vis\u0173 savo duomen\u0173 bazi\u0173.<\/p>\n\n\n\n<h2 class=\"wp-block-heading\">J\u016bs\u0173 teis\u0117s apsaugoti savo duomenis<\/h2>\n\n\n\n<p>Visada turite teis\u0119 nesidalyti su mumis savo informacija, \u017einodami, kad tai gali tur\u0117ti \u012ftakos j\u016bs\u0173 naudojimosi m\u016bs\u0173 svetaine patir\u010diai. Jei nuspr\u0119site nesidalyti su mumis savo informacija, mes nesielgsime su jumis ma\u017eiau palankiai. Jei pateikiate mums asmenin\u0119 informacij\u0105, suprantate, kad j\u0105 rinksime, saugosime, naudosime ir atskleisime pagal \u0161i\u0105 privatumo politik\u0105. Turite teis\u0119 pra\u0161yti pateikti i\u0161sami\u0105 informacij\u0105 apie informacij\u0105, kuri\u0105 apie jus renkame.<\/p>\n\n\n\n<p>Gav\u0119 j\u016bs\u0173 asmenin\u0119 informacij\u0105 i\u0161 tre\u010diosios \u0161alies, saugosime j\u0105 pagal \u0161i\u0105 privatumo politik\u0105 ir Estijos Respublikos \u012fstatymus. Jei patys dalijat\u0117s tre\u010diosios \u0161alies informacija, patvirtinate, kad turite teis\u0119 ir leidim\u0105 tai daryti.<\/p>\n\n\n\n<p>Net jei anks\u010diau sutikote, kad dalytum\u0117m\u0117s j\u016bs\u0173 asmenine informacija rinkodaros tikslais, turite teis\u0119 bet kada pakeisti savo nuomon\u0119. Visada turite teis\u0119 atsisakyti bendravimo su mumis ir papra\u0161yti, kad pa\u0161alintume j\u016bs\u0173 informacij\u0105 i\u0161 m\u016bs\u0173 duomen\u0173 bazi\u0173. Retkar\u010diais taip pat galime papra\u0161yti informacijos apie jus, kad gal\u0117tume patikrinti j\u016bs\u0173 tapatyb\u0119. Jei manote, kad bet kuri m\u016bs\u0173 surinkta informacija apie jus yra netiksli, pasenusi, nei\u0161sami, netinkama ar klaidinanti, susisiekite su mumis el. pa\u0161tu: info@elister.ee arba telefonu: +372 51 66 948. Padarysime visk\u0105, k\u0105 galime, kad i\u0161taisytume bet koki\u0105 netiksli\u0105, nei\u0161sami\u0105, klaidinan\u010di\u0105 ar pasenusi\u0105 informacij\u0105.<\/p>\n\n\n\n<p>Jei manote, kad pa\u017eeid\u0117me atitinkam\u0105 duomen\u0173 apsaugos \u012fstatym\u0105, ir norite pateikti skund\u0105, susisiekite su mumis \u0161iame dokumente nurodytais kontaktiniais duomenimis ir pateikite i\u0161sami\u0105 informacij\u0105 apie pa\u017eeidim\u0105. Mes nedelsdami i\u0161nagrin\u0117sime j\u016bs\u0173 skund\u0105 ir atsakysime jums ra\u0161tu, nurodydami tyrimo rezultatus ir veiksmus, kuri\u0173 imsim\u0117s, kad i\u0161spr\u0119stume j\u016bs\u0173 skund\u0105. Taip pat turite teis\u0119 perduoti \u0161\u012f klausim\u0105 reguliuojan\u010diajai arba duomen\u0173 apsaugos institucijai.<\/p>\n\n\n\n<h2 class=\"wp-block-heading\">BDAR duomen\u0173 apsaugos teis\u0117s<\/h2>\n\n\n\n<p>Norime u\u017etikrinti, kad \u017einotum\u0117te visas savo teises, susijusias su duomen\u0173 apsauga. Kiekvienas \u0161ios svetain\u0117s naudotojas turi teis\u0119 \u012f \u0161ias s\u0105lygas:<\/p>\n\n\n\n<ul class=\"wp-block-list\">\n<li>Juurdep\u00e4\u00e4su\u00f5igus &#8211; teil on \u00f5igus n\u00f5uda oma isikuandmete koopiaid.<\/li>\n\n\n\n<li>\u00d5igus andmete parandustele &#8211; teil on \u00f5igus n\u00f5uda, et parandaksime Teie arvates ebat\u00e4psed andmed. Samuti on teil \u00f5igus n\u00f5uda, et t\u00e4iendaksime andmeid, mis on Teie arvates puudulikud.<\/li>\n\n\n\n<li>Kustutamis\u00f5igus &#8211; teatud tingimustel on teil \u00f5igus n\u00f5uda Teie isikuandmete kustutamist.<\/li>\n\n\n\n<li>Andmete t\u00f6\u00f6tlemise piiramise \u00f5igus &#8211; teatud tingimustel on teil \u00f5igus n\u00f5uda Teie isikuandmete kasutamise piiramist.<\/li>\n\n\n\n<li>\u00d5igus vaidlustada isikuandmete kasutamine &#8211; teatud tingimustel on teil \u00f5igus vaidlustada Teie isikuandmete kasutamine.<\/li>\n\n\n\n<li>\u00d5igus andmete teisaldatavusele &#8211; teatud tingimustel on teil \u00f5igus n\u00f5uda, et me edastaksime kogutud andmed kolmandale osapoolele v\u00f5i otse teile.<\/li>\n<\/ul>\n\n\n\n<h2 class=\"wp-block-heading\">J\u016bs\u0173 duomen\u0173 saugumas<\/h2>\n\n\n\n<p>Mums svarbus j\u016bs\u0173 asmenin\u0117s informacijos saugumas, ta\u010diau nepamir\u0161kite, kad joks keitimosi informacija internetu ar elektroninio saugojimo b\u016bdas n\u0117ra saugus. Nors dedame visas pastangas, kad apsaugotume j\u016bs\u0173 informacij\u0105, negalime garantuoti visi\u0161ko jos saugumo.<\/p>\n\n\n\n<p>\"Elister O\u00dc\" imsis vis\u0173 pagr\u012fstai b\u016btin\u0173 priemoni\u0173, kad u\u017etikrint\u0173, jog j\u016bs\u0173 duomenys b\u016bt\u0173 tvarkomi saugiai ir laikantis \u0161ios privatumo politikos bei Estijos Respublikos \u012fstatym\u0173. J\u016bs\u0173 duomenys nebus perduodami jokiai organizacijai ar \u0161aliai, i\u0161skyrus atvejus, kai tam yra pagr\u012fsta prie\u017eastis ir u\u017etikrinamas j\u016bs\u0173 duomen\u0173 saugumas.<\/p>\n\n\n\n<h2 class=\"wp-block-heading\">Nuorodos \u012f kitas svetaines<\/h2>\n\n\n\n<p>M\u016bs\u0173 svetain\u0117je galite rasti nuorod\u0173 \u012f kitas mums nepriklausan\u010dias svetaines. Jei spustel\u0117site nuorod\u0105 \u012f tre\u010diosios \u0161alies svetain\u0119, b\u016bsite nukreipti \u012f tos tre\u010diosios \u0161alies svetain\u0119. Primygtinai rekomenduojame perskaityti kiekvienos svetain\u0117s, kurioje lankot\u0117s, privatumo politik\u0105.<\/p>\n\n\n\n<p>Mes nekontroliuojame tre\u010di\u0173j\u0173 \u0161ali\u0173 svetaini\u0173 ir neprisiimame jokios atsakomyb\u0117s u\u017e j\u0173 turin\u012f, privatumo politik\u0105, j\u0173 teikiamas paslaugas ar kt.<\/p>\n\n\n\n<h2 class=\"wp-block-heading\">Privatumo politikos atnaujinimai<\/h2>\n\n\n\n<p>Pasiliekame teis\u0119 prireikus keisti \u0161\u012f privatumo politikos dokument\u0105. Atnaujin\u0119 privatumo politik\u0105, privatumo politikos apa\u010dioje pakeisime atnaujinimo dat\u0105. Jei po Privatumo politikos atnaujinimo toliau lankysit\u0117s ir naudosit\u0117s m\u016bs\u0173 svetaine, laikysime, kad j\u016bs tyliai sutinkate su pakeitimais.<\/p>\n\n\n\n<p>Paskutin\u012f kart\u0105 keista 01\/09\/2023<\/p>","protected":false},"excerpt":{"rendered":"<p>\"Elister O\u00dc\" r\u016bpinasi j\u016bs\u0173 privatumu ir laikosi vis\u0173 galiojan\u010di\u0173 \u012fstatym\u0173 ir taisykli\u0173, susijusi\u0173 su bet kokia asmenine informacija, kuri\u0105 galime surinkti apie jus, kai lankot\u0117s m\u016bs\u0173 svetain\u0117je elister.ee. Naudodamiesi m\u016bs\u0173 svetaine, j\u016bs sutinkate, kad mes rinktume ir naudotume j\u016bs\u0173 informacij\u0105 pagal \u0161i\u0105 privatumo politik\u0105. \u0160ioje privatumo politikoje nor\u0117tume jums paai\u0161kinti, koki\u0105 informacij\u0105 renkame, kaip j\u0105 naudojame ir kokius [...]<\/p>","protected":false},"author":1,"featured_media":53,"parent":0,"menu_order":0,"comment_status":"closed","ping_status":"closed","template":"templates\/single.php","meta":{"footnotes":""},"class_list":["post-3","page","type-page","status-publish","has-post-thumbnail","hentry"],"acf":[],"yoast_head":"<!-- This site is optimized with the Yoast SEO Premium plugin v26.8 (Yoast SEO v26.8) - https:\/\/yoast.com\/product\/yoast-seo-premium-wordpress\/ -->\n<title>Privaatsuspoliitika - Elister<\/title>\n<meta name=\"robots\" content=\"index, follow, max-snippet:-1, max-image-preview:large, max-video-preview:-1\" \/>\n<link rel=\"canonical\" href=\"https:\/\/elister.ee\/lt\/privaatsuspoliitika\/\" \/>\n<meta property=\"og:locale\" content=\"lt_LT\" \/>\n<meta property=\"og:type\" content=\"article\" \/>\n<meta property=\"og:title\" content=\"Privaatsuspoliitika\" \/>\n<meta property=\"og:description\" content=\"Elister O\u00dc jaoks on oluline Teie privaatsus ja j\u00e4rgida k\u00f5iki kehtivaid seadusi ja m\u00e4\u00e4rusi mis tahes isikuandmete kohta, mida v\u00f5ime Teie kohta koguda, kui k\u00fclastate meie veebilehte elister.ee. Meie veebisaiti kasutades n\u00f5ustute, et kogume ja kasutame Teie andmeid vastavalt k\u00e4esolevale privaatsuspoliitikale. K\u00e4esoleva privaatsuspoliitikaga soovime Teile selgitada, milliseid andmeid me kogume, kuidas neid kasutame ja millised [&hellip;]\" \/>\n<meta property=\"og:url\" content=\"https:\/\/elister.ee\/lt\/privaatsuspoliitika\/\" \/>\n<meta property=\"og:site_name\" content=\"Elister\" \/>\n<meta property=\"article:publisher\" content=\"https:\/\/www.facebook.com\/ElisterLTD\/\" \/>\n<meta property=\"article:modified_time\" content=\"2023-09-19T14:23:38+00:00\" \/>\n<script type=\"application\/ld+json\" class=\"yoast-schema-graph\">{\"@context\":\"https:\/\/schema.org\",\"@graph\":[{\"@type\":\"WebPage\",\"@id\":\"https:\/\/elister.ee\/privaatsuspoliitika\/\",\"url\":\"https:\/\/elister.ee\/privaatsuspoliitika\/\",\"name\":\"Privaatsuspoliitika - Elister\",\"isPartOf\":{\"@id\":\"https:\/\/elister.ee\/#website\"},\"primaryImageOfPage\":{\"@id\":\"https:\/\/elister.ee\/privaatsuspoliitika\/#primaryimage\"},\"image\":{\"@id\":\"https:\/\/elister.ee\/privaatsuspoliitika\/#primaryimage\"},\"thumbnailUrl\":\"https:\/\/elister.ee\/wp-content\/uploads\/2023\/08\/elister_logo.svg\",\"datePublished\":\"2023-08-24T06:54:57+00:00\",\"dateModified\":\"2023-09-19T14:23:38+00:00\",\"breadcrumb\":{\"@id\":\"https:\/\/elister.ee\/privaatsuspoliitika\/#breadcrumb\"},\"inLanguage\":\"lt-LT\",\"potentialAction\":[{\"@type\":\"ReadAction\",\"target\":[\"https:\/\/elister.ee\/privaatsuspoliitika\/\"]}]},{\"@type\":\"ImageObject\",\"inLanguage\":\"lt-LT\",\"@id\":\"https:\/\/elister.ee\/privaatsuspoliitika\/#primaryimage\",\"url\":\"https:\/\/elister.ee\/wp-content\/uploads\/2023\/08\/elister_logo.svg\",\"contentUrl\":\"https:\/\/elister.ee\/wp-content\/uploads\/2023\/08\/elister_logo.svg\",\"width\":260,\"height\":258},{\"@type\":\"BreadcrumbList\",\"@id\":\"https:\/\/elister.ee\/privaatsuspoliitika\/#breadcrumb\",\"itemListElement\":[{\"@type\":\"ListItem\",\"position\":1,\"name\":\"Home\",\"item\":\"https:\/\/elister.ee\/\"},{\"@type\":\"ListItem\",\"position\":2,\"name\":\"Privaatsuspoliitika\"}]},{\"@type\":\"WebSite\",\"@id\":\"https:\/\/elister.ee\/#website\",\"url\":\"https:\/\/elister.ee\/\",\"name\":\"Elister\",\"description\":\"T\u00f6\u00f6stuslikud viimistluslahendused\",\"publisher\":{\"@id\":\"https:\/\/elister.ee\/#organization\"},\"alternateName\":\"Industrial solutions\",\"potentialAction\":[{\"@type\":\"SearchAction\",\"target\":{\"@type\":\"EntryPoint\",\"urlTemplate\":\"https:\/\/elister.ee\/?s={search_term_string}\"},\"query-input\":{\"@type\":\"PropertyValueSpecification\",\"valueRequired\":true,\"valueName\":\"search_term_string\"}}],\"inLanguage\":\"lt-LT\"},{\"@type\":\"Organization\",\"@id\":\"https:\/\/elister.ee\/#organization\",\"name\":\"Elister\",\"url\":\"https:\/\/elister.ee\/\",\"logo\":{\"@type\":\"ImageObject\",\"inLanguage\":\"lt-LT\",\"@id\":\"https:\/\/elister.ee\/#\/schema\/logo\/image\/\",\"url\":\"https:\/\/elister.ee\/wp-content\/uploads\/2023\/08\/elister_logo.svg\",\"contentUrl\":\"https:\/\/elister.ee\/wp-content\/uploads\/2023\/08\/elister_logo.svg\",\"width\":260,\"height\":258,\"caption\":\"Elister\"},\"image\":{\"@id\":\"https:\/\/elister.ee\/#\/schema\/logo\/image\/\"},\"sameAs\":[\"https:\/\/www.facebook.com\/ElisterLTD\/\",\"https:\/\/www.instagram.com\/elisterltd\/\",\"https:\/\/www.youtube.com\/@elisterou8943\"]}]}<\/script>\n<!-- \/ Yoast SEO Premium plugin. -->","yoast_head_json":{"title":"Privaatsuspoliitika - Elister","robots":{"index":"index","follow":"follow","max-snippet":"max-snippet:-1","max-image-preview":"max-image-preview:large","max-video-preview":"max-video-preview:-1"},"canonical":"https:\/\/elister.ee\/lt\/privaatsuspoliitika\/","og_locale":"lt_LT","og_type":"article","og_title":"Privaatsuspoliitika","og_description":"Elister O\u00dc jaoks on oluline Teie privaatsus ja j\u00e4rgida k\u00f5iki kehtivaid seadusi ja m\u00e4\u00e4rusi mis tahes isikuandmete kohta, mida v\u00f5ime Teie kohta koguda, kui k\u00fclastate meie veebilehte elister.ee. Meie veebisaiti kasutades n\u00f5ustute, et kogume ja kasutame Teie andmeid vastavalt k\u00e4esolevale privaatsuspoliitikale. K\u00e4esoleva privaatsuspoliitikaga soovime Teile selgitada, milliseid andmeid me kogume, kuidas neid kasutame ja millised [&hellip;]","og_url":"https:\/\/elister.ee\/lt\/privaatsuspoliitika\/","og_site_name":"Elister","article_publisher":"https:\/\/www.facebook.com\/ElisterLTD\/","article_modified_time":"2023-09-19T14:23:38+00:00","schema":{"@context":"https:\/\/schema.org","@graph":[{"@type":"WebPage","@id":"https:\/\/elister.ee\/privaatsuspoliitika\/","url":"https:\/\/elister.ee\/privaatsuspoliitika\/","name":"Privaatsuspoliitika - Elister","isPartOf":{"@id":"https:\/\/elister.ee\/#website"},"primaryImageOfPage":{"@id":"https:\/\/elister.ee\/privaatsuspoliitika\/#primaryimage"},"image":{"@id":"https:\/\/elister.ee\/privaatsuspoliitika\/#primaryimage"},"thumbnailUrl":"https:\/\/elister.ee\/wp-content\/uploads\/2023\/08\/elister_logo.svg","datePublished":"2023-08-24T06:54:57+00:00","dateModified":"2023-09-19T14:23:38+00:00","breadcrumb":{"@id":"https:\/\/elister.ee\/privaatsuspoliitika\/#breadcrumb"},"inLanguage":"lt-LT","potentialAction":[{"@type":"ReadAction","target":["https:\/\/elister.ee\/privaatsuspoliitika\/"]}]},{"@type":"ImageObject","inLanguage":"lt-LT","@id":"https:\/\/elister.ee\/privaatsuspoliitika\/#primaryimage","url":"https:\/\/elister.ee\/wp-content\/uploads\/2023\/08\/elister_logo.svg","contentUrl":"https:\/\/elister.ee\/wp-content\/uploads\/2023\/08\/elister_logo.svg","width":260,"height":258},{"@type":"BreadcrumbList","@id":"https:\/\/elister.ee\/privaatsuspoliitika\/#breadcrumb","itemListElement":[{"@type":"ListItem","position":1,"name":"Home","item":"https:\/\/elister.ee\/"},{"@type":"ListItem","position":2,"name":"Privaatsuspoliitika"}]},{"@type":"WebSite","@id":"https:\/\/elister.ee\/#website","url":"https:\/\/elister.ee\/","name":"Elister","description":"Pramonin\u0117s apdailos sprendimai","publisher":{"@id":"https:\/\/elister.ee\/#organization"},"alternateName":"Industrial solutions","potentialAction":[{"@type":"SearchAction","target":{"@type":"EntryPoint","urlTemplate":"https:\/\/elister.ee\/?s={search_term_string}"},"query-input":{"@type":"PropertyValueSpecification","valueRequired":true,"valueName":"search_term_string"}}],"inLanguage":"lt-LT"},{"@type":"Organization","@id":"https:\/\/elister.ee\/#organization","name":"Elister","url":"https:\/\/elister.ee\/","logo":{"@type":"ImageObject","inLanguage":"lt-LT","@id":"https:\/\/elister.ee\/#\/schema\/logo\/image\/","url":"https:\/\/elister.ee\/wp-content\/uploads\/2023\/08\/elister_logo.svg","contentUrl":"https:\/\/elister.ee\/wp-content\/uploads\/2023\/08\/elister_logo.svg","width":260,"height":258,"caption":"Elister"},"image":{"@id":"https:\/\/elister.ee\/#\/schema\/logo\/image\/"},"sameAs":["https:\/\/www.facebook.com\/ElisterLTD\/","https:\/\/www.instagram.com\/elisterltd\/","https:\/\/www.youtube.com\/@elisterou8943"]}]}},"_links":{"self":[{"href":"https:\/\/elister.ee\/lt\/wp-json\/wp\/v2\/pages\/3","targetHints":{"allow":["GET"]}}],"collection":[{"href":"https:\/\/elister.ee\/lt\/wp-json\/wp\/v2\/pages"}],"about":[{"href":"https:\/\/elister.ee\/lt\/wp-json\/wp\/v2\/types\/page"}],"author":[{"embeddable":true,"href":"https:\/\/elister.ee\/lt\/wp-json\/wp\/v2\/users\/1"}],"replies":[{"embeddable":true,"href":"https:\/\/elister.ee\/lt\/wp-json\/wp\/v2\/comments?post=3"}],"version-history":[{"count":3,"href":"https:\/\/elister.ee\/lt\/wp-json\/wp\/v2\/pages\/3\/revisions"}],"predecessor-version":[{"id":1075,"href":"https:\/\/elister.ee\/lt\/wp-json\/wp\/v2\/pages\/3\/revisions\/1075"}],"wp:featuredmedia":[{"embeddable":true,"href":"https:\/\/elister.ee\/lt\/wp-json\/wp\/v2\/media\/53"}],"wp:attachment":[{"href":"https:\/\/elister.ee\/lt\/wp-json\/wp\/v2\/media?parent=3"}],"curies":[{"name":"wp","href":"https:\/\/api.w.org\/{rel}","templated":true}]}}