{"id":1709,"date":"2023-10-16T11:18:01","date_gmt":"2023-10-16T08:18:01","guid":{"rendered":"https:\/\/elister.ee\/?page_id=1709"},"modified":"2024-07-24T18:08:11","modified_gmt":"2024-07-24T15:08:11","slug":"blogi","status":"publish","type":"page","link":"https:\/\/elister.ee\/ru\/blogi\/","title":{"rendered":"\u042d\u043b\u0438\u0441\u0442\u0435\u0440 - \u043e\u0442\u0440\u0430\u0441\u043b\u0435\u0432\u043e\u0439 \u0431\u043b\u043e\u0433"},"content":{"rendered":"<div data-elementor-type=\"wp-page\" data-elementor-id=\"1709\" class=\"elementor elementor-1709\" data-elementor-post-type=\"page\">\n\t\t\t\t<div class=\"elementor-element elementor-element-d94aa7b e-flex e-con-boxed e-con e-parent\" data-id=\"d94aa7b\" data-element_type=\"container\" data-e-type=\"container\">\n\t\t\t\t\t<div class=\"e-con-inner\">\n\t\t\t\t<div class=\"elementor-element elementor-element-8c5d1bc elementor-widget elementor-widget-heading\" data-id=\"8c5d1bc\" data-element_type=\"widget\" data-e-type=\"widget\" data-widget_type=\"heading.default\">\n\t\t\t\t<div class=\"elementor-widget-container\">\n\t\t\t\t\t<h2 class=\"elementor-heading-title elementor-size-default\">\u0411\u043b\u043e\u0433<\/h2>\t\t\t\t<\/div>\n\t\t\t\t<\/div>\n\t\t\t\t\t<\/div>\n\t\t\t\t<\/div>\n\t\t<div class=\"elementor-element elementor-element-cdfcb8a e-flex e-con-boxed e-con e-parent\" data-id=\"cdfcb8a\" data-element_type=\"container\" data-e-type=\"container\">\n\t\t\t\t\t<div class=\"e-con-inner\">\n\t\t\t\t<div class=\"elementor-element elementor-element-30f0ffe elementor-grid-3 elementor-grid-tablet-2 elementor-grid-mobile-1 elementor-posts--thumbnail-top elementor-card-shadow-yes elementor-posts__hover-gradient elementor-widget elementor-widget-posts\" data-id=\"30f0ffe\" data-element_type=\"widget\" data-e-type=\"widget\" id=\"blogPosts\" data-settings=\"{&quot;cards_row_gap&quot;:{&quot;unit&quot;:&quot;px&quot;,&quot;size&quot;:36,&quot;sizes&quot;:[]},&quot;pagination_type&quot;:&quot;load_more_infinite_scroll&quot;,&quot;cards_columns&quot;:&quot;3&quot;,&quot;cards_columns_tablet&quot;:&quot;2&quot;,&quot;cards_columns_mobile&quot;:&quot;1&quot;,&quot;cards_row_gap_tablet&quot;:{&quot;unit&quot;:&quot;px&quot;,&quot;size&quot;:&quot;&quot;,&quot;sizes&quot;:[]},&quot;cards_row_gap_mobile&quot;:{&quot;unit&quot;:&quot;px&quot;,&quot;size&quot;:&quot;&quot;,&quot;sizes&quot;:[]},&quot;load_more_spinner&quot;:{&quot;value&quot;:&quot;fas fa-spinner&quot;,&quot;library&quot;:&quot;fa-solid&quot;}}\" data-widget_type=\"posts.cards\">\n\t\t\t\t<div class=\"elementor-widget-container\">\n\t\t\t\t\t\t\t<div class=\"elementor-posts-container elementor-posts elementor-posts--skin-cards elementor-grid\" role=\"list\">\n\t\t\t\t<article class=\"elementor-post elementor-grid-item post-7649 post type-post status-publish format-standard has-post-thumbnail hentry category-uncategorized-et\" role=\"listitem\">\n\t\t\t<div class=\"elementor-post__card\">\n\t\t\t\t<a class=\"elementor-post__thumbnail__link\" href=\"https:\/\/elister.ee\/ru\/pulbervarvimine-metalltoostuses\/\" tabindex=\"-1\" ><div class=\"elementor-post__thumbnail\"><img fetchpriority=\"high\" decoding=\"async\" width=\"1024\" height=\"683\" src=\"https:\/\/elister.ee\/wp-content\/uploads\/2025\/02\/Sami-Valga-22-1024x683.jpg\" class=\"attachment-large size-large wp-image-6908\" alt=\"\" srcset=\"https:\/\/elister.ee\/wp-content\/uploads\/2025\/02\/Sami-Valga-22-1024x683.jpg 1024w, https:\/\/elister.ee\/wp-content\/uploads\/2025\/02\/Sami-Valga-22-300x200.jpg 300w, https:\/\/elister.ee\/wp-content\/uploads\/2025\/02\/Sami-Valga-22-768x512.jpg 768w, https:\/\/elister.ee\/wp-content\/uploads\/2025\/02\/Sami-Valga-22-1536x1024.jpg 1536w, https:\/\/elister.ee\/wp-content\/uploads\/2025\/02\/Sami-Valga-22-18x12.jpg 18w, https:\/\/elister.ee\/wp-content\/uploads\/2025\/02\/Sami-Valga-22.jpg 1920w\" sizes=\"(max-width: 1024px) 100vw, 1024px\" \/><\/div><\/a>\n\t\t\t\t<div class=\"elementor-post__text\">\n\t\t\t\t<h3 class=\"elementor-post__title\">\n\t\t\t<a href=\"https:\/\/elister.ee\/ru\/pulbervarvimine-metalltoostuses\/\" >\n\t\t\t\t\u041f\u043e\u0440\u043e\u0448\u043a\u043e\u0432\u0430\u044f \u043e\u043a\u0440\u0430\u0441\u043a\u0430 \u0432 \u043c\u0435\u0442\u0430\u043b\u043b\u043e\u043e\u0431\u0440\u0430\u0431\u0430\u0442\u044b\u0432\u0430\u044e\u0449\u0435\u0439 \u043f\u0440\u043e\u043c\u044b\u0448\u043b\u0435\u043d\u043d\u043e\u0441\u0442\u0438 - \u043a\u0430\u0447\u0435\u0441\u0442\u0432\u043e, \u043a\u043e\u0442\u043e\u0440\u043e\u0435 \u043d\u0435 \u0431\u044b\u0432\u0430\u0435\u0442 \u0441\u043b\u0443\u0447\u0430\u0439\u043d\u044b\u043c\t\t\t<\/a>\n\t\t<\/h3>\n\t\t\n\t\t<a class=\"elementor-post__read-more\" href=\"https:\/\/elister.ee\/ru\/pulbervarvimine-metalltoostuses\/\" aria-label=\"Read more about Pulberv\u00e4rvimine metallt\u00f6\u00f6stuses \u2013 kvaliteet, mis ei ole juhuslik\" tabindex=\"-1\" >\n\t\t\t\u0427\u0438\u0442\u0430\u0442\u044c \u0434\u0430\u043b\u0435\u0435\t\t<\/a>\n\n\t\t\t\t<\/div>\n\t\t\t\t\t<\/div>\n\t\t<\/article>\n\t\t\t\t<article class=\"elementor-post elementor-grid-item post-6799 post type-post status-publish format-standard has-post-thumbnail hentry category-uncategorized-et\" role=\"listitem\">\n\t\t\t<div class=\"elementor-post__card\">\n\t\t\t\t<a class=\"elementor-post__thumbnail__link\" href=\"https:\/\/elister.ee\/ru\/elcometer-x-elister\/\" tabindex=\"-1\" ><div class=\"elementor-post__thumbnail\"><img decoding=\"async\" width=\"700\" height=\"700\" src=\"https:\/\/elister.ee\/wp-content\/uploads\/2024\/08\/protective-coating-kit-6-orange-large.jpg\" class=\"attachment-large size-large wp-image-6378\" alt=\"\" srcset=\"https:\/\/elister.ee\/wp-content\/uploads\/2024\/08\/protective-coating-kit-6-orange-large.jpg 700w, https:\/\/elister.ee\/wp-content\/uploads\/2024\/08\/protective-coating-kit-6-orange-large-300x300.jpg 300w, https:\/\/elister.ee\/wp-content\/uploads\/2024\/08\/protective-coating-kit-6-orange-large-150x150.jpg 150w, https:\/\/elister.ee\/wp-content\/uploads\/2024\/08\/protective-coating-kit-6-orange-large-12x12.jpg 12w, https:\/\/elister.ee\/wp-content\/uploads\/2024\/08\/protective-coating-kit-6-orange-large-100x100.jpg 100w\" sizes=\"(max-width: 700px) 100vw, 700px\" \/><\/div><\/a>\n\t\t\t\t<div class=\"elementor-post__text\">\n\t\t\t\t<h3 class=\"elementor-post__title\">\n\t\t\t<a href=\"https:\/\/elister.ee\/ru\/elcometer-x-elister\/\" >\n\t\t\t\tElcometer \u043e\u0444\u0438\u0446\u0438\u0430\u043b\u044c\u043d\u043e \u043f\u0440\u0435\u0434\u0441\u0442\u0430\u0432\u043b\u0435\u043d \u0432 \u042d\u043b\u0438\u0441\u0442\u0435\t\t\t<\/a>\n\t\t<\/h3>\n\t\t\n\t\t<a class=\"elementor-post__read-more\" href=\"https:\/\/elister.ee\/ru\/elcometer-x-elister\/\" aria-label=\"\u041f\u043e\u0434\u0440\u043e\u0431\u043d\u0435\u0435 \u043e Elcometer - \u043e\u0444\u0438\u0446\u0438\u0430\u043b\u044c\u043d\u043e\u0435 \u0430\u0433\u0435\u043d\u0442\u0441\u0442\u0432\u043e \u0432 \u042d\u043b\u0438\u0441\u0442\u0435\" tabindex=\"-1\" >\n\t\t\t\u0427\u0438\u0442\u0430\u0442\u044c \u0434\u0430\u043b\u0435\u0435\t\t<\/a>\n\n\t\t\t\t<\/div>\n\t\t\t\t\t<\/div>\n\t\t<\/article>\n\t\t\t\t<article class=\"elementor-post elementor-grid-item post-6646 post type-post status-publish format-standard has-post-thumbnail hentry category-uncategorized-et\" role=\"listitem\">\n\t\t\t<div class=\"elementor-post__card\">\n\t\t\t\t<a class=\"elementor-post__thumbnail__link\" href=\"https:\/\/elister.ee\/ru\/pulbervarvimise-seminar-2024\/\" tabindex=\"-1\" ><div class=\"elementor-post__thumbnail\"><img decoding=\"async\" width=\"1024\" height=\"682\" src=\"https:\/\/elister.ee\/wp-content\/uploads\/2024\/11\/seminar-2-1024x682.jpeg\" class=\"attachment-large size-large wp-image-6649\" alt=\"\" srcset=\"https:\/\/elister.ee\/wp-content\/uploads\/2024\/11\/seminar-2-1024x682.jpeg 1024w, https:\/\/elister.ee\/wp-content\/uploads\/2024\/11\/seminar-2-300x200.jpeg 300w, https:\/\/elister.ee\/wp-content\/uploads\/2024\/11\/seminar-2-768x511.jpeg 768w, https:\/\/elister.ee\/wp-content\/uploads\/2024\/11\/seminar-2-1536x1022.jpeg 1536w, https:\/\/elister.ee\/wp-content\/uploads\/2024\/11\/seminar-2-18x12.jpeg 18w, https:\/\/elister.ee\/wp-content\/uploads\/2024\/11\/seminar-2.jpeg 1920w\" sizes=\"(max-width: 1024px) 100vw, 1024px\" \/><\/div><\/a>\n\t\t\t\t<div class=\"elementor-post__text\">\n\t\t\t\t<h3 class=\"elementor-post__title\">\n\t\t\t<a href=\"https:\/\/elister.ee\/ru\/pulbervarvimise-seminar-2024\/\" >\n\t\t\t\t\u0421\u0435\u043c\u0438\u043d\u0430\u0440 \u043f\u043e \u043f\u043e\u0440\u043e\u0448\u043a\u043e\u0432\u043e\u0439 \u043e\u043a\u0440\u0430\u0441\u043a\u0435 2024!\t\t\t<\/a>\n\t\t<\/h3>\n\t\t\n\t\t<a class=\"elementor-post__read-more\" href=\"https:\/\/elister.ee\/ru\/pulbervarvimise-seminar-2024\/\" aria-label=\"\u041f\u043e\u0434\u0440\u043e\u0431\u043d\u0435\u0435 \u043e \u0421\u0435\u043c\u0438\u043d\u0430\u0440 \u043f\u043e \u043f\u043e\u0440\u043e\u0448\u043a\u043e\u0432\u043e\u0439 \u043e\u043a\u0440\u0430\u0441\u043a\u0435 2024!\" tabindex=\"-1\" >\n\t\t\t\u0427\u0438\u0442\u0430\u0442\u044c \u0434\u0430\u043b\u0435\u0435\t\t<\/a>\n\n\t\t\t\t<\/div>\n\t\t\t\t\t<\/div>\n\t\t<\/article>\n\t\t\t\t<article class=\"elementor-post elementor-grid-item post-5779 post type-post status-publish format-standard has-post-thumbnail hentry category-uncategorized-et\" role=\"listitem\">\n\t\t\t<div class=\"elementor-post__card\">\n\t\t\t\t<a class=\"elementor-post__thumbnail__link\" href=\"https:\/\/elister.ee\/ru\/elister-ou-on-juhtiv-tegija-eesti-turul-seadmete-ja-susteemide-muugi-projekteerimise-testimise-ning-kolimise-valdkonnas\/\" tabindex=\"-1\" ><div class=\"elementor-post__thumbnail\"><img loading=\"lazy\" decoding=\"async\" width=\"1024\" height=\"768\" src=\"https:\/\/elister.ee\/wp-content\/uploads\/2024\/03\/IMG_0567-min-1024x768.jpeg\" class=\"attachment-large size-large wp-image-5408\" alt=\"Aspiratsiooni torustik\" srcset=\"https:\/\/elister.ee\/wp-content\/uploads\/2024\/03\/IMG_0567-min-1024x768.jpeg 1024w, https:\/\/elister.ee\/wp-content\/uploads\/2024\/03\/IMG_0567-min-300x225.jpeg 300w, https:\/\/elister.ee\/wp-content\/uploads\/2024\/03\/IMG_0567-min-768x576.jpeg 768w, https:\/\/elister.ee\/wp-content\/uploads\/2024\/03\/IMG_0567-min-1536x1152.jpeg 1536w, https:\/\/elister.ee\/wp-content\/uploads\/2024\/03\/IMG_0567-min-16x12.jpeg 16w, https:\/\/elister.ee\/wp-content\/uploads\/2024\/03\/IMG_0567-min.jpeg 1920w\" sizes=\"(max-width: 1024px) 100vw, 1024px\" \/><\/div><\/a>\n\t\t\t\t<div class=\"elementor-post__text\">\n\t\t\t\t<h3 class=\"elementor-post__title\">\n\t\t\t<a href=\"https:\/\/elister.ee\/ru\/elister-ou-on-juhtiv-tegija-eesti-turul-seadmete-ja-susteemide-muugi-projekteerimise-testimise-ning-kolimise-valdkonnas\/\" >\n\t\t\t\tElister O\u00dc \u044f\u0432\u043b\u044f\u0435\u0442\u0441\u044f \u0432\u0435\u0434\u0443\u0449\u0438\u043c \u0438\u0433\u0440\u043e\u043a\u043e\u043c \u043d\u0430 \u044d\u0441\u0442\u043e\u043d\u0441\u043a\u043e\u043c \u0440\u044b\u043d\u043a\u0435 \u0432 \u043e\u0431\u043b\u0430\u0441\u0442\u0438 \u043f\u0440\u043e\u0434\u0430\u0436\u0438 \u043e\u0431\u043e\u0440\u0443\u0434\u043e\u0432\u0430\u043d\u0438\u044f \u0438 \u0441\u0438\u0441\u0442\u0435\u043c, \u043f\u0440\u043e\u0435\u043a\u0442\u0438\u0440\u043e\u0432\u0430\u043d\u0438\u044f, \u0442\u0435\u0441\u0442\u0438\u0440\u043e\u0432\u0430\u043d\u0438\u044f \u0438 \u043f\u0435\u0440\u0435\u043c\u0435\u0449\u0435\u043d\u0438\u044f.\t\t\t<\/a>\n\t\t<\/h3>\n\t\t\n\t\t<a class=\"elementor-post__read-more\" href=\"https:\/\/elister.ee\/ru\/elister-ou-on-juhtiv-tegija-eesti-turul-seadmete-ja-susteemide-muugi-projekteerimise-testimise-ning-kolimise-valdkonnas\/\" aria-label=\"\u041f\u043e\u0434\u0440\u043e\u0431\u043d\u0435\u0435 \u043e Elister O\u00dc \u044f\u0432\u043b\u044f\u0435\u0442\u0441\u044f \u0432\u0435\u0434\u0443\u0449\u0438\u043c \u0438\u0433\u0440\u043e\u043a\u043e\u043c \u043d\u0430 \u044d\u0441\u0442\u043e\u043d\u0441\u043a\u043e\u043c \u0440\u044b\u043d\u043a\u0435 \u0432 \u043e\u0431\u043b\u0430\u0441\u0442\u0438 \u043f\u0440\u043e\u0434\u0430\u0436\u0438 \u043e\u0431\u043e\u0440\u0443\u0434\u043e\u0432\u0430\u043d\u0438\u044f \u0438 \u0441\u0438\u0441\u0442\u0435\u043c, \u043f\u0440\u043e\u0435\u043a\u0442\u0438\u0440\u043e\u0432\u0430\u043d\u0438\u044f, \u0442\u0435\u0441\u0442\u0438\u0440\u043e\u0432\u0430\u043d\u0438\u044f \u0438 \u043f\u0435\u0440\u0435\u043c\u0435\u0449\u0435\u043d\u0438\u044f.\" tabindex=\"-1\" >\n\t\t\t\u0427\u0438\u0442\u0430\u0442\u044c \u0434\u0430\u043b\u0435\u0435\t\t<\/a>\n\n\t\t\t\t<\/div>\n\t\t\t\t\t<\/div>\n\t\t<\/article>\n\t\t\t\t<article class=\"elementor-post elementor-grid-item post-5675 post type-post status-publish format-standard has-post-thumbnail hentry category-uncategorized-et\" role=\"listitem\">\n\t\t\t<div class=\"elementor-post__card\">\n\t\t\t\t<a class=\"elementor-post__thumbnail__link\" href=\"https:\/\/elister.ee\/ru\/riputussusteemid-ja-maskeerimisvahendid-on-igapaevased-toovahendid-igas-ettevottes\/\" tabindex=\"-1\" ><div class=\"elementor-post__thumbnail\"><img loading=\"lazy\" decoding=\"async\" width=\"1024\" height=\"683\" src=\"https:\/\/elister.ee\/wp-content\/uploads\/2024\/05\/SDI2147-copy-1024x683.jpg\" class=\"attachment-large size-large wp-image-5655\" alt=\"V\u00e4rviliinil Emptmeyeri konksud rippumas\" srcset=\"https:\/\/elister.ee\/wp-content\/uploads\/2024\/05\/SDI2147-copy-1024x683.jpg 1024w, https:\/\/elister.ee\/wp-content\/uploads\/2024\/05\/SDI2147-copy-300x200.jpg 300w, https:\/\/elister.ee\/wp-content\/uploads\/2024\/05\/SDI2147-copy-768x512.jpg 768w, https:\/\/elister.ee\/wp-content\/uploads\/2024\/05\/SDI2147-copy-18x12.jpg 18w, https:\/\/elister.ee\/wp-content\/uploads\/2024\/05\/SDI2147-copy.jpg 1500w\" sizes=\"(max-width: 1024px) 100vw, 1024px\" \/><\/div><\/a>\n\t\t\t\t<div class=\"elementor-post__text\">\n\t\t\t\t<h3 class=\"elementor-post__title\">\n\t\t\t<a href=\"https:\/\/elister.ee\/ru\/riputussusteemid-ja-maskeerimisvahendid-on-igapaevased-toovahendid-igas-ettevottes\/\" >\n\t\t\t\t\u041a\u0430\u043a \u0432\u044b\u0431\u0440\u0430\u0442\u044c \u043f\u0440\u0430\u0432\u0438\u043b\u044c\u043d\u044b\u0435 \u043f\u043e\u0434\u0432\u0435\u0441\u043d\u044b\u0435 \u0441\u0438\u0441\u0442\u0435\u043c\u044b \u0438 \u043c\u0430\u0441\u043a\u0438\u0440\u043e\u0432\u043e\u0447\u043d\u043e\u0435 \u043e\u0431\u043e\u0440\u0443\u0434\u043e\u0432\u0430\u043d\u0438\u0435 \u0434\u043b\u044f \u043f\u043e\u043a\u0440\u0430\u0441\u043e\u0447\u043d\u043e\u0439 \u043b\u0438\u043d\u0438\u0438\t\t\t<\/a>\n\t\t<\/h3>\n\t\t\n\t\t<a class=\"elementor-post__read-more\" href=\"https:\/\/elister.ee\/ru\/riputussusteemid-ja-maskeerimisvahendid-on-igapaevased-toovahendid-igas-ettevottes\/\" aria-label=\"Read more about Kuidas valida \u00f5iged riputuss\u00fcsteemid ja maskeerimisvahendid v\u00e4rviliinile\" tabindex=\"-1\" >\n\t\t\t\u0427\u0438\u0442\u0430\u0442\u044c \u0434\u0430\u043b\u0435\u0435\t\t<\/a>\n\n\t\t\t\t<\/div>\n\t\t\t\t\t<\/div>\n\t\t<\/article>\n\t\t\t\t<article class=\"elementor-post elementor-grid-item post-5346 post type-post status-publish format-standard has-post-thumbnail hentry category-uncategorized-et\" role=\"listitem\">\n\t\t\t<div class=\"elementor-post__card\">\n\t\t\t\t<a class=\"elementor-post__thumbnail__link\" href=\"https:\/\/elister.ee\/ru\/operaatorite-koolitamine-aitab-vahendada-praagi-tootmist\/\" tabindex=\"-1\" ><div class=\"elementor-post__thumbnail\"><img loading=\"lazy\" decoding=\"async\" width=\"1024\" height=\"768\" src=\"https:\/\/elister.ee\/wp-content\/uploads\/2024\/03\/koolitus-1024x768.jpeg\" class=\"attachment-large size-large wp-image-5348\" alt=\"Operaatorite koolitamine\" srcset=\"https:\/\/elister.ee\/wp-content\/uploads\/2024\/03\/koolitus-1024x768.jpeg 1024w, https:\/\/elister.ee\/wp-content\/uploads\/2024\/03\/koolitus-300x225.jpeg 300w, https:\/\/elister.ee\/wp-content\/uploads\/2024\/03\/koolitus-768x576.jpeg 768w, https:\/\/elister.ee\/wp-content\/uploads\/2024\/03\/koolitus-16x12.jpeg 16w, https:\/\/elister.ee\/wp-content\/uploads\/2024\/03\/koolitus.jpeg 1280w\" sizes=\"(max-width: 1024px) 100vw, 1024px\" \/><\/div><\/a>\n\t\t\t\t<div class=\"elementor-post__text\">\n\t\t\t\t<h3 class=\"elementor-post__title\">\n\t\t\t<a href=\"https:\/\/elister.ee\/ru\/operaatorite-koolitamine-aitab-vahendada-praagi-tootmist\/\" >\n\t\t\t\t\u041e\u0431\u0443\u0447\u0435\u043d\u0438\u0435 \u043e\u043f\u0435\u0440\u0430\u0442\u043e\u0440\u043e\u0432 \u043f\u043e\u043c\u043e\u0433\u0430\u0435\u0442 \u0441\u043e\u043a\u0440\u0430\u0442\u0438\u0442\u044c \u043a\u043e\u043b\u0438\u0447\u0435\u0441\u0442\u0432\u043e \u043e\u0442\u0445\u043e\u0434\u043e\u0432!\t\t\t<\/a>\n\t\t<\/h3>\n\t\t\n\t\t<a class=\"elementor-post__read-more\" href=\"https:\/\/elister.ee\/ru\/operaatorite-koolitamine-aitab-vahendada-praagi-tootmist\/\" aria-label=\"\u041f\u043e\u0434\u0440\u043e\u0431\u043d\u0435\u0435 \u043e \u041e\u0431\u0443\u0447\u0435\u043d\u0438\u0435 \u043e\u043f\u0435\u0440\u0430\u0442\u043e\u0440\u043e\u0432 \u043f\u043e\u043c\u043e\u0433\u0430\u0435\u0442 \u0441\u043e\u043a\u0440\u0430\u0442\u0438\u0442\u044c \u043f\u0440\u043e\u0438\u0437\u0432\u043e\u0434\u0441\u0442\u0432\u043e \u043e\u0442\u0445\u043e\u0434\u043e\u0432!\" tabindex=\"-1\" >\n\t\t\t\u0427\u0438\u0442\u0430\u0442\u044c \u0434\u0430\u043b\u0435\u0435\t\t<\/a>\n\n\t\t\t\t<\/div>\n\t\t\t\t\t<\/div>\n\t\t<\/article>\n\t\t\t\t<\/div>\n\t\t\t\t\t<span class=\"e-load-more-spinner\">\n\t\t\t\t<i aria-hidden=\"true\" class=\"fas fa-spinner\"><\/i>\t\t\t<\/span>\n\t\t\n\t\t\t\t<div class=\"e-load-more-anchor\" data-page=\"1\" data-max-page=\"3\" data-next-page=\"https:\/\/elister.ee\/ru\/wp-json\/wp\/v2\/pages\/1709\/page\/2\/\"><\/div>\n\t\t\t\t<div class=\"e-load-more-message\"><\/div>\n\t\t\t\t\t\t<\/div>\n\t\t\t\t<\/div>\n\t\t\t\t\t<\/div>\n\t\t\t\t<\/div>\n\t\t\t\t<\/div>","protected":false},"excerpt":{"rendered":"<p>\u0411\u043b\u043e\u0433<\/p>","protected":false},"author":1,"featured_media":0,"parent":0,"menu_order":0,"comment_status":"closed","ping_status":"closed","template":"elementor_header_footer","meta":{"footnotes":""},"class_list":["post-1709","page","type-page","status-publish","hentry"],"acf":[],"yoast_head":"<!-- This site is optimized with the Yoast SEO Premium plugin v27.4 (Yoast SEO v27.4) - https:\/\/yoast.com\/product\/yoast-seo-premium-wordpress\/ -->\n<title>Elister - t\u00f6\u00f6stusblogi - Elister<\/title>\n<meta name=\"description\" content=\"Ava Elister O\u00dc t\u00f6\u00f6stusblogis maailm uutest tehnoloogiatest ja otsime uuendused, mille abil parandada t\u00f6\u00f6stust!\" \/>\n<meta name=\"robots\" content=\"index, follow, max-snippet:-1, max-image-preview:large, max-video-preview:-1\" \/>\n<link rel=\"canonical\" href=\"https:\/\/elister.ee\/ru\/blogi\/\" \/>\n<meta property=\"og:locale\" content=\"ru_RU\" \/>\n<meta property=\"og:type\" content=\"article\" \/>\n<meta property=\"og:title\" content=\"Elister - t\u00f6\u00f6stusblogi\" \/>\n<meta property=\"og:description\" content=\"Ava Elister O\u00dc t\u00f6\u00f6stusblogis maailm uutest tehnoloogiatest ja otsime uuendused, mille abil parandada t\u00f6\u00f6stust!\" \/>\n<meta property=\"og:url\" content=\"https:\/\/elister.ee\/ru\/blogi\/\" \/>\n<meta property=\"og:site_name\" content=\"Elister\" \/>\n<meta property=\"article:publisher\" content=\"https:\/\/www.facebook.com\/ElisterLTD\/\" \/>\n<meta property=\"article:modified_time\" content=\"2024-07-24T15:08:11+00:00\" \/>\n<script type=\"application\/ld+json\" class=\"yoast-schema-graph\">{\"@context\":\"https:\\\/\\\/schema.org\",\"@graph\":[{\"@type\":\"WebPage\",\"@id\":\"https:\\\/\\\/elister.ee\\\/blogi\\\/\",\"url\":\"https:\\\/\\\/elister.ee\\\/blogi\\\/\",\"name\":\"Elister - t\u00f6\u00f6stusblogi - Elister\",\"isPartOf\":{\"@id\":\"https:\\\/\\\/elister.ee\\\/#website\"},\"datePublished\":\"2023-10-16T08:18:01+00:00\",\"dateModified\":\"2024-07-24T15:08:11+00:00\",\"description\":\"Ava Elister O\u00dc t\u00f6\u00f6stusblogis maailm uutest tehnoloogiatest ja otsime uuendused, mille abil parandada t\u00f6\u00f6stust!\",\"breadcrumb\":{\"@id\":\"https:\\\/\\\/elister.ee\\\/blogi\\\/#breadcrumb\"},\"inLanguage\":\"ru-RU\",\"potentialAction\":[{\"@type\":\"ReadAction\",\"target\":[\"https:\\\/\\\/elister.ee\\\/blogi\\\/\"]}]},{\"@type\":\"BreadcrumbList\",\"@id\":\"https:\\\/\\\/elister.ee\\\/blogi\\\/#breadcrumb\",\"itemListElement\":[{\"@type\":\"ListItem\",\"position\":1,\"name\":\"Home\",\"item\":\"https:\\\/\\\/elister.ee\\\/\"},{\"@type\":\"ListItem\",\"position\":2,\"name\":\"Elister &#8211; t\u00f6\u00f6stusblogi\"}]},{\"@type\":\"WebSite\",\"@id\":\"https:\\\/\\\/elister.ee\\\/#website\",\"url\":\"https:\\\/\\\/elister.ee\\\/\",\"name\":\"Elister\",\"description\":\"T\u00f6\u00f6stuslikud viimistluslahendused\",\"publisher\":{\"@id\":\"https:\\\/\\\/elister.ee\\\/#organization\"},\"alternateName\":\"Industrial solutions\",\"potentialAction\":[{\"@type\":\"SearchAction\",\"target\":{\"@type\":\"EntryPoint\",\"urlTemplate\":\"https:\\\/\\\/elister.ee\\\/?s={search_term_string}\"},\"query-input\":{\"@type\":\"PropertyValueSpecification\",\"valueRequired\":true,\"valueName\":\"search_term_string\"}}],\"inLanguage\":\"ru-RU\"},{\"@type\":\"Organization\",\"@id\":\"https:\\\/\\\/elister.ee\\\/#organization\",\"name\":\"Elister\",\"url\":\"https:\\\/\\\/elister.ee\\\/\",\"logo\":{\"@type\":\"ImageObject\",\"inLanguage\":\"ru-RU\",\"@id\":\"https:\\\/\\\/elister.ee\\\/#\\\/schema\\\/logo\\\/image\\\/\",\"url\":\"https:\\\/\\\/elister.ee\\\/wp-content\\\/uploads\\\/2023\\\/08\\\/elister_logo.svg\",\"contentUrl\":\"https:\\\/\\\/elister.ee\\\/wp-content\\\/uploads\\\/2023\\\/08\\\/elister_logo.svg\",\"width\":260,\"height\":258,\"caption\":\"Elister\"},\"image\":{\"@id\":\"https:\\\/\\\/elister.ee\\\/#\\\/schema\\\/logo\\\/image\\\/\"},\"sameAs\":[\"https:\\\/\\\/www.facebook.com\\\/ElisterLTD\\\/\",\"https:\\\/\\\/www.instagram.com\\\/elisterltd\\\/\",\"https:\\\/\\\/www.youtube.com\\\/@elisterou8943\"],\"description\":\"Elister O\u00dc aitab t\u00f6\u00f6stusettev\u00f5tetel saavutada stabiilset kvaliteeti ja efektiivsust l\u00e4bi ventilatsiooni-, viimistlus- ja automaatikalahenduste. Pakume terviklahendusi alates projekteerimisest kuni paigalduse ja hoolduseni.\",\"email\":\"info@elister.ee\",\"telephone\":\"+372 5166948\",\"legalName\":\"Elister O\u00dc\",\"foundingDate\":\"2013-02-25\",\"numberOfEmployees\":{\"@type\":\"QuantitativeValue\",\"minValue\":\"11\",\"maxValue\":\"50\"}}]}<\/script>\n<!-- \/ Yoast SEO Premium plugin. -->","yoast_head_json":{"title":"Elister - t\u00f6\u00f6stusblogi - Elister","description":"Ava Elister O\u00dc t\u00f6\u00f6stusblogis maailm uutest tehnoloogiatest ja otsime uuendused, mille abil parandada t\u00f6\u00f6stust!","robots":{"index":"index","follow":"follow","max-snippet":"max-snippet:-1","max-image-preview":"max-image-preview:large","max-video-preview":"max-video-preview:-1"},"canonical":"https:\/\/elister.ee\/ru\/blogi\/","og_locale":"ru_RU","og_type":"article","og_title":"Elister - t\u00f6\u00f6stusblogi","og_description":"Ava Elister O\u00dc t\u00f6\u00f6stusblogis maailm uutest tehnoloogiatest ja otsime uuendused, mille abil parandada t\u00f6\u00f6stust!","og_url":"https:\/\/elister.ee\/ru\/blogi\/","og_site_name":"Elister","article_publisher":"https:\/\/www.facebook.com\/ElisterLTD\/","article_modified_time":"2024-07-24T15:08:11+00:00","schema":{"@context":"https:\/\/schema.org","@graph":[{"@type":"WebPage","@id":"https:\/\/elister.ee\/blogi\/","url":"https:\/\/elister.ee\/blogi\/","name":"Elister - t\u00f6\u00f6stusblogi - Elister","isPartOf":{"@id":"https:\/\/elister.ee\/#website"},"datePublished":"2023-10-16T08:18:01+00:00","dateModified":"2024-07-24T15:08:11+00:00","description":"Ava Elister O\u00dc t\u00f6\u00f6stusblogis maailm uutest tehnoloogiatest ja otsime uuendused, mille abil parandada t\u00f6\u00f6stust!","breadcrumb":{"@id":"https:\/\/elister.ee\/blogi\/#breadcrumb"},"inLanguage":"ru-RU","potentialAction":[{"@type":"ReadAction","target":["https:\/\/elister.ee\/blogi\/"]}]},{"@type":"BreadcrumbList","@id":"https:\/\/elister.ee\/blogi\/#breadcrumb","itemListElement":[{"@type":"ListItem","position":1,"name":"Home","item":"https:\/\/elister.ee\/"},{"@type":"ListItem","position":2,"name":"Elister &#8211; t\u00f6\u00f6stusblogi"}]},{"@type":"WebSite","@id":"https:\/\/elister.ee\/#website","url":"https:\/\/elister.ee\/","name":"\u042d\u043b\u0438\u0441\u0442\u0435\u0440","description":"\u0420\u0435\u0448\u0435\u043d\u0438\u044f \u0434\u043b\u044f \u043f\u0440\u043e\u043c\u044b\u0448\u043b\u0435\u043d\u043d\u043e\u0439 \u043e\u0442\u0434\u0435\u043b\u043a\u0438","publisher":{"@id":"https:\/\/elister.ee\/#organization"},"alternateName":"Industrial solutions","potentialAction":[{"@type":"SearchAction","target":{"@type":"EntryPoint","urlTemplate":"https:\/\/elister.ee\/?s={search_term_string}"},"query-input":{"@type":"PropertyValueSpecification","valueRequired":true,"valueName":"search_term_string"}}],"inLanguage":"ru-RU"},{"@type":"Organization","@id":"https:\/\/elister.ee\/#organization","name":"\u042d\u043b\u0438\u0441\u0442\u0435\u0440","url":"https:\/\/elister.ee\/","logo":{"@type":"ImageObject","inLanguage":"ru-RU","@id":"https:\/\/elister.ee\/#\/schema\/logo\/image\/","url":"https:\/\/elister.ee\/wp-content\/uploads\/2023\/08\/elister_logo.svg","contentUrl":"https:\/\/elister.ee\/wp-content\/uploads\/2023\/08\/elister_logo.svg","width":260,"height":258,"caption":"Elister"},"image":{"@id":"https:\/\/elister.ee\/#\/schema\/logo\/image\/"},"sameAs":["https:\/\/www.facebook.com\/ElisterLTD\/","https:\/\/www.instagram.com\/elisterltd\/","https:\/\/www.youtube.com\/@elisterou8943"],"description":"Elister O\u00dc aitab t\u00f6\u00f6stusettev\u00f5tetel saavutada stabiilset kvaliteeti ja efektiivsust l\u00e4bi ventilatsiooni-, viimistlus- ja automaatikalahenduste. Pakume terviklahendusi alates projekteerimisest kuni paigalduse ja hoolduseni.","email":"info@elister.ee","telephone":"+372 5166948","legalName":"Elister O\u00dc","foundingDate":"2013-02-25","numberOfEmployees":{"@type":"QuantitativeValue","minValue":"11","maxValue":"50"}}]}},"_links":{"self":[{"href":"https:\/\/elister.ee\/ru\/wp-json\/wp\/v2\/pages\/1709","targetHints":{"allow":["GET"]}}],"collection":[{"href":"https:\/\/elister.ee\/ru\/wp-json\/wp\/v2\/pages"}],"about":[{"href":"https:\/\/elister.ee\/ru\/wp-json\/wp\/v2\/types\/page"}],"author":[{"embeddable":true,"href":"https:\/\/elister.ee\/ru\/wp-json\/wp\/v2\/users\/1"}],"replies":[{"embeddable":true,"href":"https:\/\/elister.ee\/ru\/wp-json\/wp\/v2\/comments?post=1709"}],"version-history":[{"count":22,"href":"https:\/\/elister.ee\/ru\/wp-json\/wp\/v2\/pages\/1709\/revisions"}],"predecessor-version":[{"id":5886,"href":"https:\/\/elister.ee\/ru\/wp-json\/wp\/v2\/pages\/1709\/revisions\/5886"}],"wp:attachment":[{"href":"https:\/\/elister.ee\/ru\/wp-json\/wp\/v2\/media?parent=1709"}],"curies":[{"name":"wp","href":"https:\/\/api.w.org\/{rel}","templated":true}]}}